{"id":7684,"date":"2022-03-15T13:07:37","date_gmt":"2022-03-15T16:07:37","guid":{"rendered":"https:\/\/sailinrio.com\/?page_id=7684"},"modified":"2023-06-14T19:25:07","modified_gmt":"2023-06-14T22:25:07","slug":"parceiros","status":"publish","type":"page","link":"https:\/\/sailinrio.com\/en\/parceiros\/","title":{"rendered":"partners"},"content":{"rendered":"<div data-elementor-type=\"wp-page\" data-elementor-id=\"7684\" class=\"elementor elementor-7684\" data-elementor-settings=\"{&quot;ha_cmc_init_switcher&quot;:&quot;no&quot;}\" data-elementor-post-type=\"page\">\n\t\t\t\t\t\t<section class=\"elementor-section elementor-top-section elementor-element elementor-element-21758a41 elementor-section-stretched elementor-section-boxed ang-section-padding-initial elementor-section-height-default elementor-section-height-default elementor-repeater-item-none elementor-repeater-item-none_hover\" data-id=\"21758a41\" data-element_type=\"section\" data-settings=\"{&quot;background_background&quot;:&quot;classic&quot;,&quot;stretch_section&quot;:&quot;section-stretched&quot;,&quot;_ha_eqh_enable&quot;:false}\">\n\t\t\t\t\t\t\t<div class=\"elementor-background-overlay\"><\/div>\n\t\t\t\t\t\t\t<div class=\"elementor-container elementor-column-gap-default\">\n\t\t\t\t\t<div class=\"elementor-column elementor-col-100 elementor-top-column elementor-element elementor-element-13fd57c5 elementor-repeater-item-none elementor-repeater-item-none_hover\" data-id=\"13fd57c5\" data-element_type=\"column\">\n\t\t\t<div class=\"elementor-widget-wrap elementor-element-populated\">\n\t\t\t\t\t\t<div class=\"elementor-element elementor-element-6722df9c elementor-repeater-item-none elementor-repeater-item-none_hover elementor-widget elementor-widget-heading\" data-id=\"6722df9c\" data-element_type=\"widget\" data-widget_type=\"heading.default\">\n\t\t\t\t<div class=\"elementor-widget-container\">\n\t\t\t\t\t<h1 class=\"elementor-heading-title elementor-size-default\">SAIL IN RIO Partners<\/h1>\t\t\t\t<\/div>\n\t\t\t\t<\/div>\n\t\t\t\t\t<\/div>\n\t\t<\/div>\n\t\t\t\t\t<\/div>\n\t\t<\/section>\n\t\t\t\t<section class=\"elementor-section elementor-top-section elementor-element elementor-element-b1a9949 elementor-section-boxed ang-section-padding-initial elementor-section-height-default elementor-section-height-default elementor-repeater-item-none elementor-repeater-item-none_hover\" data-id=\"b1a9949\" data-element_type=\"section\" data-settings=\"{&quot;background_background&quot;:&quot;classic&quot;,&quot;_ha_eqh_enable&quot;:false}\">\n\t\t\t\t\t\t<div class=\"elementor-container elementor-column-gap-default\">\n\t\t\t\t\t<div class=\"elementor-column elementor-col-100 elementor-top-column elementor-element elementor-element-025c5e1 elementor-repeater-item-none elementor-repeater-item-none_hover\" data-id=\"025c5e1\" data-element_type=\"column\">\n\t\t\t<div class=\"elementor-widget-wrap elementor-element-populated\">\n\t\t\t\t\t\t<div class=\"elementor-element elementor-element-ccf839c elementor-repeater-item-none elementor-repeater-item-none_hover elementor-widget elementor-widget-text-editor\" data-id=\"ccf839c\" data-element_type=\"widget\" data-widget_type=\"text-editor.default\">\n\t\t\t\t<div class=\"elementor-widget-container\">\n\t\t\t\t\t\t\t\t\t<p>With <strong>PARCEIROS SAIL IN RIO<\/strong> voc\u00ea agenda seu passeio conforme disponibilidade de cada parceiro.<\/p><p>Through our online platform you can buy and pay for your tour, guaranteeing your reservation for the most convenient day for you and your family or friends.<\/p>\t\t\t\t\t\t\t\t<\/div>\n\t\t\t\t<\/div>\n\t\t\t\t\t<\/div>\n\t\t<\/div>\n\t\t\t\t\t<\/div>\n\t\t<\/section>\n\t\t\t\t<section class=\"elementor-section elementor-top-section elementor-element elementor-element-d918155 elementor-section-boxed ang-section-padding-initial elementor-section-height-default elementor-section-height-default elementor-repeater-item-none elementor-repeater-item-none_hover\" data-id=\"d918155\" data-element_type=\"section\" data-settings=\"{&quot;_ha_eqh_enable&quot;:false}\">\n\t\t\t\t\t\t<div class=\"elementor-container elementor-column-gap-default\">\n\t\t\t\t\t<div class=\"elementor-column elementor-col-100 elementor-top-column elementor-element elementor-element-bb12373 elementor-repeater-item-none elementor-repeater-item-none_hover\" data-id=\"bb12373\" data-element_type=\"column\">\n\t\t\t<div class=\"elementor-widget-wrap elementor-element-populated\">\n\t\t\t\t\t\t\t<\/div>\n\t\t<\/div>\n\t\t\t\t\t<\/div>\n\t\t<\/section>\n\t\t\t\t<section class=\"elementor-section elementor-top-section elementor-element elementor-element-46bb616 elementor-section-boxed ang-section-padding-initial elementor-section-height-default elementor-section-height-default elementor-repeater-item-none elementor-repeater-item-none_hover\" data-id=\"46bb616\" data-element_type=\"section\" data-settings=\"{&quot;background_background&quot;:&quot;classic&quot;,&quot;_ha_eqh_enable&quot;:false}\">\n\t\t\t\t\t\t\t<div class=\"elementor-background-overlay\"><\/div>\n\t\t\t\t\t\t\t<div class=\"elementor-container elementor-column-gap-narrow\">\n\t\t\t\t\t<div class=\"elementor-column elementor-col-100 elementor-top-column elementor-element elementor-element-c42448e elementor-repeater-item-none elementor-repeater-item-none_hover\" data-id=\"c42448e\" data-element_type=\"column\" data-settings=\"{&quot;background_background&quot;:&quot;classic&quot;}\">\n\t\t\t<div class=\"elementor-widget-wrap elementor-element-populated\">\n\t\t\t\t\t<div class=\"elementor-background-overlay\"><\/div>\n\t\t\t\t\t\t<div class=\"elementor-element elementor-element-1229c32 elementor-repeater-item-none elementor-repeater-item-none_hover elementor-widget elementor-widget-shortcode\" data-id=\"1229c32\" data-element_type=\"widget\" data-widget_type=\"shortcode.default\">\n\t\t\t\t<div class=\"elementor-widget-container\">\n\t\t\t\t\t\t\t<div class=\"elementor-shortcode\">\t\t<div data-elementor-type=\"section\" data-elementor-id=\"8275\" class=\"elementor elementor-8275\" data-elementor-settings=\"{&quot;ha_cmc_init_switcher&quot;:&quot;no&quot;}\" data-elementor-post-type=\"elementor_library\">\n\t\t\t\t\t<section class=\"elementor-section elementor-top-section elementor-element elementor-element-81c926a elementor-section-boxed ang-section-padding-initial elementor-section-height-default elementor-section-height-default elementor-repeater-item-none elementor-repeater-item-none_hover\" data-id=\"81c926a\" data-element_type=\"section\" data-settings=\"{&quot;background_background&quot;:&quot;classic&quot;,&quot;_ha_eqh_enable&quot;:false}\">\n\t\t\t\t\t\t\t<div class=\"elementor-background-overlay\"><\/div>\n\t\t\t\t\t\t\t<div class=\"elementor-container elementor-column-gap-narrow\">\n\t\t\t\t\t<div class=\"elementor-column elementor-col-100 elementor-top-column elementor-element elementor-element-57c07a2a elementor-repeater-item-none elementor-repeater-item-none_hover\" data-id=\"57c07a2a\" data-element_type=\"column\" data-settings=\"{&quot;background_background&quot;:&quot;classic&quot;}\">\n\t\t\t<div class=\"elementor-widget-wrap elementor-element-populated\">\n\t\t\t\t\t<div class=\"elementor-background-overlay\"><\/div>\n\t\t\t\t\t\t<section class=\"elementor-section elementor-inner-section elementor-element elementor-element-777867d2 elementor-section-boxed ang-section-padding-initial elementor-section-height-default elementor-section-height-default elementor-repeater-item-none elementor-repeater-item-none_hover\" data-id=\"777867d2\" data-element_type=\"section\" data-settings=\"{&quot;_ha_eqh_enable&quot;:false}\">\n\t\t\t\t\t\t<div class=\"elementor-container elementor-column-gap-default\">\n\t\t\t\t\t<div class=\"elementor-column elementor-col-50 elementor-inner-column elementor-element elementor-element-14a9d365 elementor-repeater-item-none elementor-repeater-item-none_hover\" data-id=\"14a9d365\" data-element_type=\"column\">\n\t\t\t<div class=\"elementor-widget-wrap elementor-element-populated\">\n\t\t\t\t\t\t<div class=\"elementor-element elementor-element-31cd05a7 elementor-repeater-item-none elementor-repeater-item-none_hover elementor-widget elementor-widget-heading\" data-id=\"31cd05a7\" data-element_type=\"widget\" data-widget_type=\"heading.default\">\n\t\t\t\t<div class=\"elementor-widget-container\">\n\t\t\t\t\t<h1 class=\"elementor-heading-title elementor-size-default\"><a href=\"https:\/\/sailinrio.com\/en\/seja-um-parceiro-sail-in-rio\/\">BECOME A SAIL IN RIO PARTNER<\/a><\/h1>\t\t\t\t<\/div>\n\t\t\t\t<\/div>\n\t\t\t\t<div class=\"elementor-element elementor-element-34a1676 elementor-repeater-item-none elementor-repeater-item-none_hover elementor-widget elementor-widget-text-editor\" data-id=\"34a1676\" data-element_type=\"widget\" data-widget_type=\"text-editor.default\">\n\t\t\t\t<div class=\"elementor-widget-container\">\n\t\t\t\t\t\t\t\t\t<p>Register your vessel on our platform<\/p>\t\t\t\t\t\t\t\t<\/div>\n\t\t\t\t<\/div>\n\t\t\t\t\t<\/div>\n\t\t<\/div>\n\t\t\t\t<div class=\"elementor-column elementor-col-50 elementor-inner-column elementor-element elementor-element-37e96cab elementor-repeater-item-none elementor-repeater-item-none_hover\" data-id=\"37e96cab\" data-element_type=\"column\">\n\t\t\t<div class=\"elementor-widget-wrap elementor-element-populated\">\n\t\t\t\t\t\t<div class=\"elementor-element elementor-element-155dce4 elementor-align-center elementor-repeater-item-none elementor-repeater-item-none_hover elementor-widget elementor-widget-button\" data-id=\"155dce4\" data-element_type=\"widget\" data-widget_type=\"button.default\">\n\t\t\t\t<div class=\"elementor-widget-container\">\n\t\t\t\t\t\t\t\t\t<div class=\"elementor-button-wrapper\">\n\t\t\t\t\t<a class=\"elementor-button elementor-button-link elementor-size-sm elementor-animation-float\" href=\"https:\/\/sailinrio.com\/en\/seja-um-parceiro-sail-in-rio\/\">\n\t\t\t\t\t\t<span class=\"elementor-button-content-wrapper\">\n\t\t\t\t\t\t<span class=\"elementor-button-icon\">\n\t\t\t\t<i aria-hidden=\"true\" class=\"far fa-address-book\"><\/i>\t\t\t<\/span>\n\t\t\t\t\t\t\t\t\t<span class=\"elementor-button-text\">Register now!<\/span>\n\t\t\t\t\t<\/span>\n\t\t\t\t\t<\/a>\n\t\t\t\t<\/div>\n\t\t\t\t\t\t\t\t<\/div>\n\t\t\t\t<\/div>\n\t\t\t\t\t<\/div>\n\t\t<\/div>\n\t\t\t\t\t<\/div>\n\t\t<\/section>\n\t\t\t\t\t<\/div>\n\t\t<\/div>\n\t\t\t\t\t<\/div>\n\t\t<\/section>\n\t\t\t\t<\/div>\n\t\t<\/div>\n\t\t\t\t\t\t<\/div>\n\t\t\t\t<\/div>\n\t\t\t\t\t<\/div>\n\t\t<\/div>\n\t\t\t\t\t<\/div>\n\t\t<\/section>\n\t\t\t\t<\/div>","protected":false},"excerpt":{"rendered":"<p>Parceiros SAIL IN RIO Com os PARCEIROS SAIL IN RIO voc\u00ea agenda seu passeio conforme disponibilidade de cada parceiro. Atrav\u00e9s da nossa plataforma online voc\u00ea pode comprar e pagar seu passeio, garantindo sua reserva para o dia mais conveniente para voc\u00ea e sua fam\u00edlia ou amigos.<\/p>","protected":false},"author":4,"featured_media":0,"parent":0,"menu_order":24,"comment_status":"closed","ping_status":"closed","template":"elementor_header_footer","meta":{"footnotes":""},"class_list":["post-7684","page","type-page","status-publish","hentry"],"yoast_head":"<!-- This site is optimized with the Yoast SEO plugin v26.6 - https:\/\/yoast.com\/wordpress\/plugins\/seo\/ -->\n<title>Parceiros - SAIL IN RIO - PASSEIOS DE BARCO NO RIO DE JANEIRO<\/title>\n<meta name=\"description\" content=\"Acompanhe o nosso blog e fique por dentro de todas as novidades e not\u00edcias de nossos passeios de barco no Rio de Janeiro.\" \/>\n<meta name=\"robots\" content=\"index, follow, max-snippet:-1, max-image-preview:large, max-video-preview:-1\" \/>\n<link rel=\"canonical\" href=\"https:\/\/sailinrio.com\/en\/parceiros\/\" \/>\n<meta property=\"og:locale\" content=\"en_US\" \/>\n<meta property=\"og:type\" content=\"article\" \/>\n<meta property=\"og:title\" content=\"Parceiros - SAIL IN RIO - PASSEIOS DE BARCO NO RIO DE JANEIRO\" \/>\n<meta property=\"og:description\" content=\"Acompanhe o nosso blog e fique por dentro de todas as novidades e not\u00edcias de nossos passeios de barco no Rio de Janeiro.\" \/>\n<meta property=\"og:url\" content=\"https:\/\/sailinrio.com\/en\/parceiros\/\" \/>\n<meta property=\"og:site_name\" content=\"SAIL IN RIO\" \/>\n<meta property=\"article:publisher\" content=\"https:\/\/www.facebook.com\/sailinrio\" \/>\n<meta property=\"article:modified_time\" content=\"2023-06-14T22:25:07+00:00\" \/>\n<meta name=\"twitter:card\" content=\"summary_large_image\" \/>\n<meta name=\"twitter:site\" content=\"@SailinRio\" \/>\n<meta name=\"twitter:label1\" content=\"Est. reading time\" \/>\n\t<meta name=\"twitter:data1\" content=\"1 minute\" \/>\n<script type=\"application\/ld+json\" class=\"yoast-schema-graph\">{\"@context\":\"https:\/\/schema.org\",\"@graph\":[{\"@type\":\"WebPage\",\"@id\":\"https:\/\/sailinrio.com\/parceiros\/\",\"url\":\"https:\/\/sailinrio.com\/parceiros\/\",\"name\":\"Parceiros - SAIL IN RIO - PASSEIOS DE BARCO NO RIO DE JANEIRO\",\"isPartOf\":{\"@id\":\"https:\/\/sailinrio.com\/#website\"},\"datePublished\":\"2022-03-15T16:07:37+00:00\",\"dateModified\":\"2023-06-14T22:25:07+00:00\",\"description\":\"Acompanhe o nosso blog e fique por dentro de todas as novidades e not\u00edcias de nossos passeios de barco no Rio de Janeiro.\",\"breadcrumb\":{\"@id\":\"https:\/\/sailinrio.com\/parceiros\/#breadcrumb\"},\"inLanguage\":\"en-US\",\"potentialAction\":[{\"@type\":\"ReadAction\",\"target\":[\"https:\/\/sailinrio.com\/parceiros\/\"]}]},{\"@type\":\"BreadcrumbList\",\"@id\":\"https:\/\/sailinrio.com\/parceiros\/#breadcrumb\",\"itemListElement\":[{\"@type\":\"ListItem\",\"position\":1,\"name\":\"In\u00edcio\",\"item\":\"https:\/\/sailinrio.com\/\"},{\"@type\":\"ListItem\",\"position\":2,\"name\":\"Parceiros\"}]},{\"@type\":\"WebSite\",\"@id\":\"https:\/\/sailinrio.com\/#website\",\"url\":\"https:\/\/sailinrio.com\/\",\"name\":\"SAIL IN RIO\",\"description\":\"O Melhor Passeio de Barco no Rio de Janeiro\",\"publisher\":{\"@id\":\"https:\/\/sailinrio.com\/#organization\"},\"potentialAction\":[{\"@type\":\"SearchAction\",\"target\":{\"@type\":\"EntryPoint\",\"urlTemplate\":\"https:\/\/sailinrio.com\/?s={search_term_string}\"},\"query-input\":{\"@type\":\"PropertyValueSpecification\",\"valueRequired\":true,\"valueName\":\"search_term_string\"}}],\"inLanguage\":\"en-US\"},{\"@type\":\"Organization\",\"@id\":\"https:\/\/sailinrio.com\/#organization\",\"name\":\"SAIL IN RIO\",\"url\":\"https:\/\/sailinrio.com\/\",\"logo\":{\"@type\":\"ImageObject\",\"inLanguage\":\"en-US\",\"@id\":\"https:\/\/sailinrio.com\/#\/schema\/logo\/image\/\",\"url\":\"https:\/\/brand.sailinrio.com\/wp-content\/uploads\/2020\/08\/7285d5_aa7cd0397814418c946d02be5500f01f_mv2_d_5639_1367_s_2-1.png\",\"contentUrl\":\"https:\/\/brand.sailinrio.com\/wp-content\/uploads\/2020\/08\/7285d5_aa7cd0397814418c946d02be5500f01f_mv2_d_5639_1367_s_2-1.png\",\"width\":5639,\"height\":1367,\"caption\":\"SAIL IN RIO\"},\"image\":{\"@id\":\"https:\/\/sailinrio.com\/#\/schema\/logo\/image\/\"},\"sameAs\":[\"https:\/\/www.facebook.com\/sailinrio\",\"https:\/\/x.com\/SailinRio\",\"https:\/\/www.instagram.com\/sail_in_rio\/\",\"https:\/\/www.linkedin.com\/company\/sail-in-rio\"]}]}<\/script>\n<!-- \/ Yoast SEO plugin. -->","yoast_head_json":{"title":"Parceiros - SAIL IN RIO - PASSEIOS DE BARCO NO RIO DE JANEIRO","description":"Acompanhe o nosso blog e fique por dentro de todas as novidades e not\u00edcias de nossos passeios de barco no Rio de Janeiro.","robots":{"index":"index","follow":"follow","max-snippet":"max-snippet:-1","max-image-preview":"max-image-preview:large","max-video-preview":"max-video-preview:-1"},"canonical":"https:\/\/sailinrio.com\/en\/parceiros\/","og_locale":"en_US","og_type":"article","og_title":"Parceiros - SAIL IN RIO - PASSEIOS DE BARCO NO RIO DE JANEIRO","og_description":"Acompanhe o nosso blog e fique por dentro de todas as novidades e not\u00edcias de nossos passeios de barco no Rio de Janeiro.","og_url":"https:\/\/sailinrio.com\/en\/parceiros\/","og_site_name":"SAIL IN RIO","article_publisher":"https:\/\/www.facebook.com\/sailinrio","article_modified_time":"2023-06-14T22:25:07+00:00","twitter_card":"summary_large_image","twitter_site":"@SailinRio","twitter_misc":{"Est. reading time":"1 minute"},"schema":{"@context":"https:\/\/schema.org","@graph":[{"@type":"WebPage","@id":"https:\/\/sailinrio.com\/parceiros\/","url":"https:\/\/sailinrio.com\/parceiros\/","name":"Parceiros - SAIL IN RIO - PASSEIOS DE BARCO NO RIO DE JANEIRO","isPartOf":{"@id":"https:\/\/sailinrio.com\/#website"},"datePublished":"2022-03-15T16:07:37+00:00","dateModified":"2023-06-14T22:25:07+00:00","description":"Acompanhe o nosso blog e fique por dentro de todas as novidades e not\u00edcias de nossos passeios de barco no Rio de Janeiro.","breadcrumb":{"@id":"https:\/\/sailinrio.com\/parceiros\/#breadcrumb"},"inLanguage":"en-US","potentialAction":[{"@type":"ReadAction","target":["https:\/\/sailinrio.com\/parceiros\/"]}]},{"@type":"BreadcrumbList","@id":"https:\/\/sailinrio.com\/parceiros\/#breadcrumb","itemListElement":[{"@type":"ListItem","position":1,"name":"In\u00edcio","item":"https:\/\/sailinrio.com\/"},{"@type":"ListItem","position":2,"name":"Parceiros"}]},{"@type":"WebSite","@id":"https:\/\/sailinrio.com\/#website","url":"https:\/\/sailinrio.com\/","name":"SAIL IN RIO","description":"O Melhor Passeio de Barco no Rio de Janeiro","publisher":{"@id":"https:\/\/sailinrio.com\/#organization"},"potentialAction":[{"@type":"SearchAction","target":{"@type":"EntryPoint","urlTemplate":"https:\/\/sailinrio.com\/?s={search_term_string}"},"query-input":{"@type":"PropertyValueSpecification","valueRequired":true,"valueName":"search_term_string"}}],"inLanguage":"en-US"},{"@type":"Organization","@id":"https:\/\/sailinrio.com\/#organization","name":"SAIL IN RIO","url":"https:\/\/sailinrio.com\/","logo":{"@type":"ImageObject","inLanguage":"en-US","@id":"https:\/\/sailinrio.com\/#\/schema\/logo\/image\/","url":"https:\/\/brand.sailinrio.com\/wp-content\/uploads\/2020\/08\/7285d5_aa7cd0397814418c946d02be5500f01f_mv2_d_5639_1367_s_2-1.png","contentUrl":"https:\/\/brand.sailinrio.com\/wp-content\/uploads\/2020\/08\/7285d5_aa7cd0397814418c946d02be5500f01f_mv2_d_5639_1367_s_2-1.png","width":5639,"height":1367,"caption":"SAIL IN RIO"},"image":{"@id":"https:\/\/sailinrio.com\/#\/schema\/logo\/image\/"},"sameAs":["https:\/\/www.facebook.com\/sailinrio","https:\/\/x.com\/SailinRio","https:\/\/www.instagram.com\/sail_in_rio\/","https:\/\/www.linkedin.com\/company\/sail-in-rio"]}]}},"_links":{"self":[{"href":"https:\/\/sailinrio.com\/en\/wp-json\/wp\/v2\/pages\/7684","targetHints":{"allow":["GET"]}}],"collection":[{"href":"https:\/\/sailinrio.com\/en\/wp-json\/wp\/v2\/pages"}],"about":[{"href":"https:\/\/sailinrio.com\/en\/wp-json\/wp\/v2\/types\/page"}],"author":[{"embeddable":true,"href":"https:\/\/sailinrio.com\/en\/wp-json\/wp\/v2\/users\/4"}],"replies":[{"embeddable":true,"href":"https:\/\/sailinrio.com\/en\/wp-json\/wp\/v2\/comments?post=7684"}],"version-history":[{"count":58,"href":"https:\/\/sailinrio.com\/en\/wp-json\/wp\/v2\/pages\/7684\/revisions"}],"predecessor-version":[{"id":16355,"href":"https:\/\/sailinrio.com\/en\/wp-json\/wp\/v2\/pages\/7684\/revisions\/16355"}],"wp:attachment":[{"href":"https:\/\/sailinrio.com\/en\/wp-json\/wp\/v2\/media?parent=7684"}],"curies":[{"name":"wp","href":"https:\/\/api.w.org\/{rel}","templated":true}]}}