{"id":7584,"date":"2022-01-13T12:17:57","date_gmt":"2022-01-13T15:17:57","guid":{"rendered":"https:\/\/sailinrio.com\/?page_id=7584"},"modified":"2024-07-11T12:18:20","modified_gmt":"2024-07-11T15:18:20","slug":"politica-de-privacidade","status":"publish","type":"page","link":"https:\/\/sailinrio.com\/en\/politica-de-privacidade\/","title":{"rendered":"Privacy Policy"},"content":{"rendered":"<div data-elementor-type=\"wp-page\" data-elementor-id=\"7584\" class=\"elementor elementor-7584\" data-elementor-settings=\"{&quot;ha_cmc_init_switcher&quot;:&quot;no&quot;}\" data-elementor-post-type=\"page\">\n\t\t\t\t\t\t<section class=\"elementor-section elementor-top-section elementor-element elementor-element-27cacd87 elementor-section-stretched elementor-section-boxed ang-section-padding-initial elementor-section-height-default elementor-section-height-default elementor-repeater-item-none elementor-repeater-item-none_hover\" data-id=\"27cacd87\" data-element_type=\"section\" data-settings=\"{&quot;background_background&quot;:&quot;classic&quot;,&quot;stretch_section&quot;:&quot;section-stretched&quot;,&quot;_ha_eqh_enable&quot;:false}\">\n\t\t\t\t\t\t\t<div class=\"elementor-background-overlay\"><\/div>\n\t\t\t\t\t\t\t<div class=\"elementor-container elementor-column-gap-default\">\n\t\t\t\t\t<div class=\"elementor-column elementor-col-100 elementor-top-column elementor-element elementor-element-64ac6648 elementor-repeater-item-none elementor-repeater-item-none_hover\" data-id=\"64ac6648\" data-element_type=\"column\">\n\t\t\t<div class=\"elementor-widget-wrap elementor-element-populated\">\n\t\t\t\t\t\t<div class=\"elementor-element elementor-element-2fac3104 elementor-repeater-item-none elementor-repeater-item-none_hover elementor-widget elementor-widget-heading\" data-id=\"2fac3104\" data-element_type=\"widget\" data-widget_type=\"heading.default\">\n\t\t\t\t<div class=\"elementor-widget-container\">\n\t\t\t\t\t<h1 class=\"elementor-heading-title elementor-size-default\">Privacy Policy<\/h1>\t\t\t\t<\/div>\n\t\t\t\t<\/div>\n\t\t\t\t\t<\/div>\n\t\t<\/div>\n\t\t\t\t\t<\/div>\n\t\t<\/section>\n\t\t\t\t<section class=\"elementor-section elementor-top-section elementor-element elementor-element-7369ed64 elementor-section-boxed ang-section-padding-initial elementor-section-height-default elementor-section-height-default elementor-repeater-item-none elementor-repeater-item-none_hover\" data-id=\"7369ed64\" data-element_type=\"section\" data-settings=\"{&quot;background_background&quot;:&quot;classic&quot;,&quot;_ha_eqh_enable&quot;:false}\">\n\t\t\t\t\t\t<div class=\"elementor-container elementor-column-gap-default\">\n\t\t\t\t\t<div class=\"elementor-column elementor-col-100 elementor-top-column elementor-element elementor-element-50e26b1f elementor-repeater-item-none elementor-repeater-item-none_hover\" data-id=\"50e26b1f\" data-element_type=\"column\">\n\t\t\t<div class=\"elementor-widget-wrap elementor-element-populated\">\n\t\t\t\t\t\t<div class=\"elementor-element elementor-element-12cda32 elementor-repeater-item-none elementor-repeater-item-none_hover elementor-widget elementor-widget-text-editor\" data-id=\"12cda32\" data-element_type=\"widget\" data-widget_type=\"text-editor.default\">\n\t\t\t\t<div class=\"elementor-widget-container\">\n\t\t\t\t\t\t\t\t\t<h2><b>Who we are<\/b><\/h2><p><span style=\"font-weight: 400;\">O endere\u00e7o do nosso site \u00e9: https:\/\/brand.sailinrio.com.<\/span><\/p><h2><b>Comments<\/b><\/h2><p><span style=\"font-weight: 400;\">When visitors leave comments on the site, we collect the data shown in the comment form, in addition to the visitor&#039;s IP address and browser data, to assist in spam detection.<\/span><\/p><p><span style=\"font-weight: 400;\">An anonymized string created from your email (also called a hash) can be sent to Gravatar to verify that you use the service. Gravatar&#039;s privacy policy is available here: https:\/\/automattic.com\/privacy\/. After your comment is approved, your profile picture is publicly visible next to your comment.<\/span><\/p><h2><b>Media<\/b><\/h2><p><span style=\"font-weight: 400;\">If you upload images to the site, avoid uploading images that contain embedded location data (EXIF GPS). Visitors can download these images from the site and extract their location data from them.<\/span><\/p><h2><b>Cookies<\/b><\/h2><p><span style=\"font-weight: 400;\">When leaving a comment on the site, you can choose to save your name, email and website in cookies. This is for your comfort, so you won&#039;t have to fill in your details again when you make another comment. These cookies last for one year.<\/span><\/p><p><span style=\"font-weight: 400;\">If you have an account and access this site, a temporary cookie will be created to determine whether your browser accepts cookies. It does not contain any personal data and will be discarded when you close your browser.<\/span><\/p><p><span style=\"font-weight: 400;\">When you log in to your account on the website, we also create various cookies to save your account data and your screen display choices. Login cookies are kept for two days and screen options cookies for one year. If you select \u201cRemember me\u201d, your access will be maintained for two weeks. If you log out of your account, login cookies will be removed.<\/span><\/p><p><span style=\"font-weight: 400;\">If you edit or publish an article, an additional cookie will be saved in your browser. This cookie does not include any personal data and simply indicates the post ID for the article you have just edited. It expires after 1 day.<\/span><\/p><h2><b>Embedded media from other sites<\/b><\/h2><p><span style=\"font-weight: 400;\">Articles on this site may include embedded content such as videos, images, articles, etc. Embedded content from other websites behaves in exactly the same way as if the visitor were visiting the other website.<\/span><\/p><p><span style=\"font-weight: 400;\">These websites may collect data about you, use cookies, incorporate additional third-party tracking and monitor your interaction with this embedded content, including your interaction with the embedded content if you have an account and are logged into the website.<\/span><\/p><h2><b>With whom we share your data<\/b><\/h2><p><span style=\"font-weight: 400;\">If you request a password reset, your IP address will be included in the password reset email.<\/span><\/p><h2><b>How long do we keep your data<\/b><\/h2><p><span style=\"font-weight: 400;\">If you leave a comment, the comment and its metadata are kept indefinitely. We do this so that we can automatically recognize and approve any later comments instead of holding them for moderation.<\/span><\/p><p><span style=\"font-weight: 400;\">For users who register on our site (if any), we also retain the personal information you provide in your user profile. All users can view, edit or delete their personal information at any time (it&#039;s just not possible to change your username). Site administrators can also view and edit this information.<\/span><\/p><h2><b>What are your rights over your data<\/b><\/h2><p><span style=\"font-weight: 400;\">If you have an account on this site or if you have left comments, you may request an exported file of the personal data we hold about you, including any data you have provided to us. You can also request that we remove any personal data we hold about you. This does not include any data that we are required to keep for administrative, legal or security purposes.<\/span><\/p><h2><b>Where do we send your data<\/b><\/h2><p><span style=\"font-weight: 400;\">Visitor comments can be flagged by an automatic spam detection service.<\/span><\/p>\t\t\t\t\t\t\t\t<\/div>\n\t\t\t\t<\/div>\n\t\t\t\t\t<\/div>\n\t\t<\/div>\n\t\t\t\t\t<\/div>\n\t\t<\/section>\n\t\t\t\t<\/div>","protected":false},"excerpt":{"rendered":"<p>Pol\u00edtica de Privacidade Quem somos O endere\u00e7o do nosso site \u00e9: https:\/\/test.sailinrio.test. Coment\u00e1rios Quando os visitantes deixam coment\u00e1rios no site, coletamos os dados mostrados no formul\u00e1rio de coment\u00e1rios, al\u00e9m do endere\u00e7o de IP e de dados do navegador do visitante, para auxiliar na detec\u00e7\u00e3o de spam. Uma sequ\u00eancia anonimizada de caracteres criada a partir do [&hellip;]<\/p>","protected":false},"author":4,"featured_media":16664,"parent":0,"menu_order":6,"comment_status":"closed","ping_status":"closed","template":"elementor_header_footer","meta":{"footnotes":""},"class_list":["post-7584","page","type-page","status-publish","has-post-thumbnail","hentry"],"yoast_head":"<!-- This site is optimized with the Yoast SEO plugin v26.6 - https:\/\/yoast.com\/wordpress\/plugins\/seo\/ -->\n<title>Pol\u00edtica de Privacidade - SAIL IN RIO<\/title>\n<meta name=\"description\" content=\"Quando os visitantes deixam coment\u00e1rios no site, coletamos os dados mostrados no formul\u00e1rio de coment\u00e1rios, al\u00e9m do endere\u00e7o de IP e de dados do navegador do visitante, para auxiliar na detec\u00e7\u00e3o de spam.\" \/>\n<meta name=\"robots\" content=\"index, follow, max-snippet:-1, max-image-preview:large, max-video-preview:-1\" \/>\n<link rel=\"canonical\" href=\"https:\/\/sailinrio.com\/en\/politica-de-privacidade\/\" \/>\n<meta property=\"og:locale\" content=\"en_US\" \/>\n<meta property=\"og:type\" content=\"article\" \/>\n<meta property=\"og:title\" content=\"Pol\u00edtica de Privacidade - SAIL IN RIO\" \/>\n<meta property=\"og:description\" content=\"Quando os visitantes deixam coment\u00e1rios no site, coletamos os dados mostrados no formul\u00e1rio de coment\u00e1rios, al\u00e9m do endere\u00e7o de IP e de dados do navegador do visitante, para auxiliar na detec\u00e7\u00e3o de spam.\" \/>\n<meta property=\"og:url\" content=\"https:\/\/sailinrio.com\/en\/politica-de-privacidade\/\" \/>\n<meta property=\"og:site_name\" content=\"SAIL IN RIO\" \/>\n<meta property=\"article:publisher\" content=\"https:\/\/www.facebook.com\/sailinrio\" \/>\n<meta property=\"article:modified_time\" content=\"2024-07-11T15:18:20+00:00\" \/>\n<meta property=\"og:image\" content=\"https:\/\/sailinrio.com\/wp-content\/uploads\/2023\/10\/sail_in_rio_capa.jpg\" \/>\n\t<meta property=\"og:image:width\" content=\"1200\" \/>\n\t<meta property=\"og:image:height\" content=\"600\" \/>\n\t<meta property=\"og:image:type\" content=\"image\/jpeg\" \/>\n<meta name=\"twitter:card\" content=\"summary_large_image\" \/>\n<meta name=\"twitter:site\" content=\"@SailinRio\" \/>\n<meta name=\"twitter:label1\" content=\"Est. reading time\" \/>\n\t<meta name=\"twitter:data1\" content=\"4 minutes\" \/>\n<script type=\"application\/ld+json\" class=\"yoast-schema-graph\">{\"@context\":\"https:\/\/schema.org\",\"@graph\":[{\"@type\":\"WebPage\",\"@id\":\"https:\/\/sailinrio.com\/politica-de-privacidade\/\",\"url\":\"https:\/\/sailinrio.com\/politica-de-privacidade\/\",\"name\":\"Pol\u00edtica de Privacidade - SAIL IN RIO\",\"isPartOf\":{\"@id\":\"https:\/\/sailinrio.com\/#website\"},\"primaryImageOfPage\":{\"@id\":\"https:\/\/sailinrio.com\/politica-de-privacidade\/#primaryimage\"},\"image\":{\"@id\":\"https:\/\/sailinrio.com\/politica-de-privacidade\/#primaryimage\"},\"thumbnailUrl\":\"https:\/\/sailinrio.com\/wp-content\/uploads\/2023\/10\/sail_in_rio_capa.jpg\",\"datePublished\":\"2022-01-13T15:17:57+00:00\",\"dateModified\":\"2024-07-11T15:18:20+00:00\",\"description\":\"Quando os visitantes deixam coment\u00e1rios no site, coletamos os dados mostrados no formul\u00e1rio de coment\u00e1rios, al\u00e9m do endere\u00e7o de IP e de dados do navegador do visitante, para auxiliar na detec\u00e7\u00e3o de spam.\",\"breadcrumb\":{\"@id\":\"https:\/\/sailinrio.com\/politica-de-privacidade\/#breadcrumb\"},\"inLanguage\":\"en-US\",\"potentialAction\":[{\"@type\":\"ReadAction\",\"target\":[\"https:\/\/sailinrio.com\/politica-de-privacidade\/\"]}]},{\"@type\":\"ImageObject\",\"inLanguage\":\"en-US\",\"@id\":\"https:\/\/sailinrio.com\/politica-de-privacidade\/#primaryimage\",\"url\":\"https:\/\/sailinrio.com\/wp-content\/uploads\/2023\/10\/sail_in_rio_capa.jpg\",\"contentUrl\":\"https:\/\/sailinrio.com\/wp-content\/uploads\/2023\/10\/sail_in_rio_capa.jpg\",\"width\":1200,\"height\":600},{\"@type\":\"BreadcrumbList\",\"@id\":\"https:\/\/sailinrio.com\/politica-de-privacidade\/#breadcrumb\",\"itemListElement\":[{\"@type\":\"ListItem\",\"position\":1,\"name\":\"In\u00edcio\",\"item\":\"https:\/\/sailinrio.com\/\"},{\"@type\":\"ListItem\",\"position\":2,\"name\":\"Pol\u00edtica de Privacidade\"}]},{\"@type\":\"WebSite\",\"@id\":\"https:\/\/sailinrio.com\/#website\",\"url\":\"https:\/\/sailinrio.com\/\",\"name\":\"SAIL IN RIO\",\"description\":\"O Melhor Passeio de Barco no Rio de Janeiro\",\"publisher\":{\"@id\":\"https:\/\/sailinrio.com\/#organization\"},\"potentialAction\":[{\"@type\":\"SearchAction\",\"target\":{\"@type\":\"EntryPoint\",\"urlTemplate\":\"https:\/\/sailinrio.com\/?s={search_term_string}\"},\"query-input\":{\"@type\":\"PropertyValueSpecification\",\"valueRequired\":true,\"valueName\":\"search_term_string\"}}],\"inLanguage\":\"en-US\"},{\"@type\":\"Organization\",\"@id\":\"https:\/\/sailinrio.com\/#organization\",\"name\":\"SAIL IN RIO\",\"url\":\"https:\/\/sailinrio.com\/\",\"logo\":{\"@type\":\"ImageObject\",\"inLanguage\":\"en-US\",\"@id\":\"https:\/\/sailinrio.com\/#\/schema\/logo\/image\/\",\"url\":\"https:\/\/brand.sailinrio.com\/wp-content\/uploads\/2020\/08\/7285d5_aa7cd0397814418c946d02be5500f01f_mv2_d_5639_1367_s_2-1.png\",\"contentUrl\":\"https:\/\/brand.sailinrio.com\/wp-content\/uploads\/2020\/08\/7285d5_aa7cd0397814418c946d02be5500f01f_mv2_d_5639_1367_s_2-1.png\",\"width\":5639,\"height\":1367,\"caption\":\"SAIL IN RIO\"},\"image\":{\"@id\":\"https:\/\/sailinrio.com\/#\/schema\/logo\/image\/\"},\"sameAs\":[\"https:\/\/www.facebook.com\/sailinrio\",\"https:\/\/x.com\/SailinRio\",\"https:\/\/www.instagram.com\/sail_in_rio\/\",\"https:\/\/www.linkedin.com\/company\/sail-in-rio\"]}]}<\/script>\n<!-- \/ Yoast SEO plugin. -->","yoast_head_json":{"title":"Pol\u00edtica de Privacidade - SAIL IN RIO","description":"When visitors leave comments on the site, we collect the data shown in the comment form, in addition to the visitor&#039;s IP address and browser data, to assist in spam detection.","robots":{"index":"index","follow":"follow","max-snippet":"max-snippet:-1","max-image-preview":"max-image-preview:large","max-video-preview":"max-video-preview:-1"},"canonical":"https:\/\/sailinrio.com\/en\/politica-de-privacidade\/","og_locale":"en_US","og_type":"article","og_title":"Pol\u00edtica de Privacidade - SAIL IN RIO","og_description":"Quando os visitantes deixam coment\u00e1rios no site, coletamos os dados mostrados no formul\u00e1rio de coment\u00e1rios, al\u00e9m do endere\u00e7o de IP e de dados do navegador do visitante, para auxiliar na detec\u00e7\u00e3o de spam.","og_url":"https:\/\/sailinrio.com\/en\/politica-de-privacidade\/","og_site_name":"SAIL IN RIO","article_publisher":"https:\/\/www.facebook.com\/sailinrio","article_modified_time":"2024-07-11T15:18:20+00:00","og_image":[{"width":1200,"height":600,"url":"https:\/\/sailinrio.com\/wp-content\/uploads\/2023\/10\/sail_in_rio_capa.jpg","type":"image\/jpeg"}],"twitter_card":"summary_large_image","twitter_site":"@SailinRio","twitter_misc":{"Est. reading time":"4 minutes"},"schema":{"@context":"https:\/\/schema.org","@graph":[{"@type":"WebPage","@id":"https:\/\/sailinrio.com\/politica-de-privacidade\/","url":"https:\/\/sailinrio.com\/politica-de-privacidade\/","name":"Pol\u00edtica de Privacidade - SAIL IN RIO","isPartOf":{"@id":"https:\/\/sailinrio.com\/#website"},"primaryImageOfPage":{"@id":"https:\/\/sailinrio.com\/politica-de-privacidade\/#primaryimage"},"image":{"@id":"https:\/\/sailinrio.com\/politica-de-privacidade\/#primaryimage"},"thumbnailUrl":"https:\/\/sailinrio.com\/wp-content\/uploads\/2023\/10\/sail_in_rio_capa.jpg","datePublished":"2022-01-13T15:17:57+00:00","dateModified":"2024-07-11T15:18:20+00:00","description":"When visitors leave comments on the site, we collect the data shown in the comment form, in addition to the visitor&#039;s IP address and browser data, to assist in spam detection.","breadcrumb":{"@id":"https:\/\/sailinrio.com\/politica-de-privacidade\/#breadcrumb"},"inLanguage":"en-US","potentialAction":[{"@type":"ReadAction","target":["https:\/\/sailinrio.com\/politica-de-privacidade\/"]}]},{"@type":"ImageObject","inLanguage":"en-US","@id":"https:\/\/sailinrio.com\/politica-de-privacidade\/#primaryimage","url":"https:\/\/sailinrio.com\/wp-content\/uploads\/2023\/10\/sail_in_rio_capa.jpg","contentUrl":"https:\/\/sailinrio.com\/wp-content\/uploads\/2023\/10\/sail_in_rio_capa.jpg","width":1200,"height":600},{"@type":"BreadcrumbList","@id":"https:\/\/sailinrio.com\/politica-de-privacidade\/#breadcrumb","itemListElement":[{"@type":"ListItem","position":1,"name":"In\u00edcio","item":"https:\/\/sailinrio.com\/"},{"@type":"ListItem","position":2,"name":"Pol\u00edtica de Privacidade"}]},{"@type":"WebSite","@id":"https:\/\/sailinrio.com\/#website","url":"https:\/\/sailinrio.com\/","name":"SAIL IN RIO","description":"O Melhor Passeio de Barco no Rio de Janeiro","publisher":{"@id":"https:\/\/sailinrio.com\/#organization"},"potentialAction":[{"@type":"SearchAction","target":{"@type":"EntryPoint","urlTemplate":"https:\/\/sailinrio.com\/?s={search_term_string}"},"query-input":{"@type":"PropertyValueSpecification","valueRequired":true,"valueName":"search_term_string"}}],"inLanguage":"en-US"},{"@type":"Organization","@id":"https:\/\/sailinrio.com\/#organization","name":"SAIL IN RIO","url":"https:\/\/sailinrio.com\/","logo":{"@type":"ImageObject","inLanguage":"en-US","@id":"https:\/\/sailinrio.com\/#\/schema\/logo\/image\/","url":"https:\/\/brand.sailinrio.com\/wp-content\/uploads\/2020\/08\/7285d5_aa7cd0397814418c946d02be5500f01f_mv2_d_5639_1367_s_2-1.png","contentUrl":"https:\/\/brand.sailinrio.com\/wp-content\/uploads\/2020\/08\/7285d5_aa7cd0397814418c946d02be5500f01f_mv2_d_5639_1367_s_2-1.png","width":5639,"height":1367,"caption":"SAIL IN RIO"},"image":{"@id":"https:\/\/sailinrio.com\/#\/schema\/logo\/image\/"},"sameAs":["https:\/\/www.facebook.com\/sailinrio","https:\/\/x.com\/SailinRio","https:\/\/www.instagram.com\/sail_in_rio\/","https:\/\/www.linkedin.com\/company\/sail-in-rio"]}]}},"_links":{"self":[{"href":"https:\/\/sailinrio.com\/en\/wp-json\/wp\/v2\/pages\/7584","targetHints":{"allow":["GET"]}}],"collection":[{"href":"https:\/\/sailinrio.com\/en\/wp-json\/wp\/v2\/pages"}],"about":[{"href":"https:\/\/sailinrio.com\/en\/wp-json\/wp\/v2\/types\/page"}],"author":[{"embeddable":true,"href":"https:\/\/sailinrio.com\/en\/wp-json\/wp\/v2\/users\/4"}],"replies":[{"embeddable":true,"href":"https:\/\/sailinrio.com\/en\/wp-json\/wp\/v2\/comments?post=7584"}],"version-history":[{"count":26,"href":"https:\/\/sailinrio.com\/en\/wp-json\/wp\/v2\/pages\/7584\/revisions"}],"predecessor-version":[{"id":18731,"href":"https:\/\/sailinrio.com\/en\/wp-json\/wp\/v2\/pages\/7584\/revisions\/18731"}],"wp:featuredmedia":[{"embeddable":true,"href":"https:\/\/sailinrio.com\/en\/wp-json\/wp\/v2\/media\/16664"}],"wp:attachment":[{"href":"https:\/\/sailinrio.com\/en\/wp-json\/wp\/v2\/media?parent=7584"}],"curies":[{"name":"wp","href":"https:\/\/api.w.org\/{rel}","templated":true}]}}