{"id":19044,"date":"2025-01-23T15:37:02","date_gmt":"2025-01-23T18:37:02","guid":{"rendered":"https:\/\/sailinrio.com\/?page_id=19044"},"modified":"2025-03-29T14:39:16","modified_gmt":"2025-03-29T17:39:16","slug":"cadastur","status":"publish","type":"page","link":"https:\/\/sailinrio.com\/en\/cadastur\/","title":{"rendered":"CADASTUR"},"content":{"rendered":"<div data-elementor-type=\"wp-page\" data-elementor-id=\"19044\" class=\"elementor elementor-19044\" data-elementor-settings=\"{&quot;ha_cmc_init_switcher&quot;:&quot;no&quot;}\" data-elementor-post-type=\"page\">\n\t\t\t\t\t\t<section class=\"elementor-section elementor-top-section elementor-element elementor-element-4ed64aa elementor-section-boxed ang-section-padding-initial elementor-section-height-default elementor-section-height-default elementor-repeater-item-none elementor-repeater-item-none_hover\" data-id=\"4ed64aa\" data-element_type=\"section\" data-settings=\"{&quot;background_background&quot;:&quot;gradient&quot;,&quot;_ha_eqh_enable&quot;:false}\">\n\t\t\t\t\t\t\t<div class=\"elementor-background-overlay\"><\/div>\n\t\t\t\t\t\t\t<div class=\"elementor-container elementor-column-gap-default\">\n\t\t\t\t\t<div class=\"elementor-column elementor-col-100 elementor-top-column elementor-element elementor-element-2c8481f elementor-repeater-item-none elementor-repeater-item-none_hover\" data-id=\"2c8481f\" data-element_type=\"column\">\n\t\t\t<div class=\"elementor-widget-wrap elementor-element-populated\">\n\t\t\t\t\t\t<section class=\"elementor-section elementor-inner-section elementor-element elementor-element-9ebc0df elementor-section-height-min-height elementor-section-boxed ang-section-padding-initial elementor-section-height-default elementor-repeater-item-none elementor-repeater-item-none_hover\" data-id=\"9ebc0df\" data-element_type=\"section\" data-settings=\"{&quot;_ha_eqh_enable&quot;:false}\">\n\t\t\t\t\t\t<div class=\"elementor-container elementor-column-gap-default\">\n\t\t\t\t\t<div class=\"elementor-column elementor-col-100 elementor-inner-column elementor-element elementor-element-3a97471 elementor-repeater-item-none elementor-repeater-item-none_hover\" data-id=\"3a97471\" data-element_type=\"column\">\n\t\t\t<div class=\"elementor-widget-wrap elementor-element-populated\">\n\t\t\t\t\t\t<div class=\"elementor-element elementor-element-0ef4695 elementor-widget__width-initial elementor-repeater-item-none elementor-repeater-item-none_hover elementor-widget elementor-widget-heading\" data-id=\"0ef4695\" data-element_type=\"widget\" data-widget_type=\"heading.default\">\n\t\t\t\t<div class=\"elementor-widget-container\">\n\t\t\t\t\t<h1 class=\"elementor-heading-title elementor-size-default\">CADASTUR<\/h1>\t\t\t\t<\/div>\n\t\t\t\t<\/div>\n\t\t\t\t\t<\/div>\n\t\t<\/div>\n\t\t\t\t\t<\/div>\n\t\t<\/section>\n\t\t\t\t\t<\/div>\n\t\t<\/div>\n\t\t\t\t\t<\/div>\n\t\t<\/section>\n\t\t\t\t<section class=\"elementor-section elementor-top-section elementor-element elementor-element-e11ea85 elementor-section-full_width elementor-section-stretched ang-section-padding-initial elementor-section-height-default elementor-section-height-default elementor-repeater-item-none elementor-repeater-item-none_hover\" data-id=\"e11ea85\" data-element_type=\"section\" data-settings=\"{&quot;stretch_section&quot;:&quot;section-stretched&quot;,&quot;_ha_eqh_enable&quot;:false}\">\n\t\t\t\t\t\t<div class=\"elementor-container elementor-column-gap-default\">\n\t\t\t\t\t<div class=\"elementor-column elementor-col-100 elementor-top-column elementor-element elementor-element-5e7a53b elementor-repeater-item-none elementor-repeater-item-none_hover\" data-id=\"5e7a53b\" data-element_type=\"column\">\n\t\t\t<div class=\"elementor-widget-wrap elementor-element-populated\">\n\t\t\t\t\t\t<section class=\"elementor-section elementor-inner-section elementor-element elementor-element-2daa984 elementor-section-boxed ang-section-padding-initial elementor-section-height-default elementor-section-height-default elementor-repeater-item-none elementor-repeater-item-none_hover\" data-id=\"2daa984\" data-element_type=\"section\" data-settings=\"{&quot;_ha_eqh_enable&quot;:false}\">\n\t\t\t\t\t\t<div class=\"elementor-container elementor-column-gap-default\">\n\t\t\t\t\t<div class=\"elementor-column elementor-col-100 elementor-inner-column elementor-element elementor-element-beda24b elementor-repeater-item-none elementor-repeater-item-none_hover\" data-id=\"beda24b\" data-element_type=\"column\">\n\t\t\t<div class=\"elementor-widget-wrap elementor-element-populated\">\n\t\t\t\t\t\t<div class=\"elementor-element elementor-element-0cf3782 elementor-view-default elementor-repeater-item-none elementor-repeater-item-none_hover elementor-widget elementor-widget-icon\" data-id=\"0cf3782\" data-element_type=\"widget\" data-widget_type=\"icon.default\">\n\t\t\t\t<div class=\"elementor-widget-container\">\n\t\t\t\t\t\t\t<div class=\"elementor-icon-wrapper\">\n\t\t\t<div class=\"elementor-icon elementor-animation-grow\">\n\t\t\t<i aria-hidden=\"true\" class=\"fas fa-quote-left\"><\/i>\t\t\t<\/div>\n\t\t<\/div>\n\t\t\t\t\t\t<\/div>\n\t\t\t\t<\/div>\n\t\t\t\t<div class=\"elementor-element elementor-element-5f73d8e elementor-repeater-item-none elementor-repeater-item-none_hover elementor-widget elementor-widget-text-editor\" data-id=\"5f73d8e\" data-element_type=\"widget\" data-widget_type=\"text-editor.default\">\n\t\t\t\t<div class=\"elementor-widget-container\">\n\t\t\t\t\t\t\t\t\t<p>WE ARE a tour operator company specialized in sailing tours in the city of Rio de Janeiro.<\/p><p>We have been offering shared and private sailing tours since 2012. You can be sure that your experience will be unique and unforgettable!<\/p>\t\t\t\t\t\t\t\t<\/div>\n\t\t\t\t<\/div>\n\t\t\t\t<div class=\"elementor-element elementor-element-eedd3f2 external_elementor-repeater-item-none_external elementor-repeater-item-none elementor-repeater-item-none_hover elementor-widget elementor-widget-image\" data-id=\"eedd3f2\" data-element_type=\"widget\" data-widget_type=\"image.default\">\n\t\t\t\t<div class=\"elementor-widget-container\">\n\t\t\t\t\t\t\t\t\t\t\t\t\t\t\t<img fetchpriority=\"high\" decoding=\"async\" width=\"1003\" height=\"707\" src=\"https:\/\/sailinrio.com\/wp-content\/uploads\/2025\/03\/sailinrio_cadastur.png\" class=\"attachment-full size-full wp-image-19541\" alt=\"\" srcset=\"https:\/\/sailinrio.com\/wp-content\/uploads\/2025\/03\/sailinrio_cadastur.png 1003w, https:\/\/sailinrio.com\/wp-content\/uploads\/2025\/03\/sailinrio_cadastur-768x541.png 768w, https:\/\/sailinrio.com\/wp-content\/uploads\/2025\/03\/sailinrio_cadastur-18x12.png 18w\" sizes=\"(max-width: 1003px) 100vw, 1003px\" \/>\t\t\t\t\t\t\t\t\t\t\t\t\t\t\t<\/div>\n\t\t\t\t<\/div>\n\t\t\t\t\t<\/div>\n\t\t<\/div>\n\t\t\t\t\t<\/div>\n\t\t<\/section>\n\t\t\t\t\t<\/div>\n\t\t<\/div>\n\t\t\t\t\t<\/div>\n\t\t<\/section>\n\t\t\t\t<section class=\"elementor-section elementor-top-section elementor-element elementor-element-5434a68 elementor-section-boxed ang-section-padding-initial elementor-section-height-default elementor-section-height-default elementor-repeater-item-none elementor-repeater-item-none_hover\" data-id=\"5434a68\" data-element_type=\"section\" data-settings=\"{&quot;background_background&quot;:&quot;classic&quot;,&quot;_ha_eqh_enable&quot;:false}\">\n\t\t\t\t\t\t\t<div class=\"elementor-background-overlay\"><\/div>\n\t\t\t\t\t\t\t<div class=\"elementor-container elementor-column-gap-default\">\n\t\t\t\t\t<div class=\"elementor-column elementor-col-33 elementor-top-column elementor-element elementor-element-898db78 elementor-repeater-item-none elementor-repeater-item-none_hover\" data-id=\"898db78\" data-element_type=\"column\">\n\t\t\t<div class=\"elementor-widget-wrap elementor-element-populated\">\n\t\t\t\t\t<div class=\"elementor-background-overlay\"><\/div>\n\t\t\t\t\t\t<div class=\"elementor-element elementor-element-0ccbaba elementor-repeater-item-none elementor-repeater-item-none_hover elementor-widget elementor-widget-heading\" data-id=\"0ccbaba\" data-element_type=\"widget\" data-widget_type=\"heading.default\">\n\t\t\t\t<div class=\"elementor-widget-container\">\n\t\t\t\t\t<h2 class=\"elementor-heading-title elementor-size-default\">SAIL IN RIO<\/h2>\t\t\t\t<\/div>\n\t\t\t\t<\/div>\n\t\t\t\t<div class=\"elementor-element elementor-element-6e40286 elementor-repeater-item-none elementor-repeater-item-none_hover elementor-widget elementor-widget-text-editor\" data-id=\"6e40286\" data-element_type=\"widget\" data-widget_type=\"text-editor.default\">\n\t\t\t\t<div class=\"elementor-widget-container\">\n\t\t\t\t\t\t\t\t\t<p>We are father and son, leading a boating operation in which you, our sailboat Kamehameha and the city of Rio de Janeiro are the protagonists.<\/p><p>\u00a0<\/p><p>We are passionate about boats and sailing sports and we are enormously gratified to have people join us on our tours!<\/p>\t\t\t\t\t\t\t\t<\/div>\n\t\t\t\t<\/div>\n\t\t\t\t\t<\/div>\n\t\t<\/div>\n\t\t\t\t<div class=\"elementor-column elementor-col-33 elementor-top-column elementor-element elementor-element-bf83f9d elementor-repeater-item-none elementor-repeater-item-none_hover\" data-id=\"bf83f9d\" data-element_type=\"column\" data-settings=\"{&quot;background_background&quot;:&quot;classic&quot;}\">\n\t\t\t<div class=\"elementor-widget-wrap elementor-element-populated\">\n\t\t\t\t\t\t<div class=\"elementor-element elementor-element-2a91e15 elementor-widget__width-initial external_elementor-repeater-item-none_external elementor-repeater-item-none elementor-repeater-item-none_hover elementor-widget elementor-widget-image\" data-id=\"2a91e15\" data-element_type=\"widget\" data-widget_type=\"image.default\">\n\t\t\t\t<div class=\"elementor-widget-container\">\n\t\t\t\t\t\t\t\t\t\t\t\t\t\t\t<img decoding=\"async\" width=\"600\" height=\"900\" src=\"https:\/\/sailinrio.com\/wp-content\/uploads\/2023\/04\/SAILINRIO-SOMOS-UMA-FAMILIA1.jpg\" class=\"attachment-full size-full wp-image-15632\" alt=\"\" srcset=\"https:\/\/sailinrio.com\/wp-content\/uploads\/2023\/04\/SAILINRIO-SOMOS-UMA-FAMILIA1.jpg 600w, https:\/\/sailinrio.com\/wp-content\/uploads\/2023\/04\/SAILINRIO-SOMOS-UMA-FAMILIA1-8x12.jpg 8w\" sizes=\"(max-width: 600px) 100vw, 600px\" \/>\t\t\t\t\t\t\t\t\t\t\t\t\t\t\t<\/div>\n\t\t\t\t<\/div>\n\t\t\t\t\t<\/div>\n\t\t<\/div>\n\t\t\t\t<div class=\"elementor-column elementor-col-33 elementor-top-column elementor-element elementor-element-ecc9f1f elementor-repeater-item-none elementor-repeater-item-none_hover\" data-id=\"ecc9f1f\" data-element_type=\"column\" data-settings=\"{&quot;background_background&quot;:&quot;classic&quot;}\">\n\t\t\t<div class=\"elementor-widget-wrap elementor-element-populated\">\n\t\t\t\t\t\t<div class=\"elementor-element elementor-element-6bd9ad6 elementor-widget__width-initial external_elementor-repeater-item-none_external elementor-repeater-item-none elementor-repeater-item-none_hover elementor-widget elementor-widget-image\" data-id=\"6bd9ad6\" data-element_type=\"widget\" data-widget_type=\"image.default\">\n\t\t\t\t<div class=\"elementor-widget-container\">\n\t\t\t\t\t\t\t\t\t\t\t\t\t\t\t<img decoding=\"async\" width=\"600\" height=\"900\" src=\"https:\/\/sailinrio.com\/wp-content\/uploads\/2023\/04\/SAILINRIO-SOMOS-UMA-FAMILIA2.jpg\" class=\"attachment-full size-full wp-image-15631\" alt=\"\" srcset=\"https:\/\/sailinrio.com\/wp-content\/uploads\/2023\/04\/SAILINRIO-SOMOS-UMA-FAMILIA2.jpg 600w, https:\/\/sailinrio.com\/wp-content\/uploads\/2023\/04\/SAILINRIO-SOMOS-UMA-FAMILIA2-8x12.jpg 8w\" sizes=\"(max-width: 600px) 100vw, 600px\" \/>\t\t\t\t\t\t\t\t\t\t\t\t\t\t\t<\/div>\n\t\t\t\t<\/div>\n\t\t\t\t\t<\/div>\n\t\t<\/div>\n\t\t\t\t\t<\/div>\n\t\t<\/section>\n\t\t\t\t<section class=\"elementor-section elementor-top-section elementor-element elementor-element-e88209d elementor-section-boxed ang-section-padding-initial elementor-section-height-default elementor-section-height-default elementor-repeater-item-none elementor-repeater-item-none_hover\" data-id=\"e88209d\" data-element_type=\"section\" data-settings=\"{&quot;_ha_eqh_enable&quot;:false}\">\n\t\t\t\t\t\t<div class=\"elementor-container elementor-column-gap-default\">\n\t\t\t\t\t<div class=\"elementor-column elementor-col-100 elementor-top-column elementor-element elementor-element-b3fb074 elementor-repeater-item-none elementor-repeater-item-none_hover\" data-id=\"b3fb074\" data-element_type=\"column\">\n\t\t\t<div class=\"elementor-widget-wrap elementor-element-populated\">\n\t\t\t\t\t\t<div class=\"elementor-element elementor-element-1b3e528 elementor-repeater-item-none elementor-repeater-item-none_hover elementor-widget elementor-widget-text-editor\" data-id=\"1b3e528\" data-element_type=\"widget\" data-widget_type=\"text-editor.default\">\n\t\t\t\t<div class=\"elementor-widget-container\">\n\t\t\t\t\t\t\t\t\t<p style=\"text-align: center;\"><i style=\"background-color: transparent; letter-spacing: 1.2px;\">Feel the freedom and enjoy the beautiful landscape of Rio de Janeiro on our sailboat!&nbsp;<\/i><br><i style=\"background-color: transparent; letter-spacing: 1.2px;\">Enjoy life, don&#039;t waste any more time!<\/i><br><i style=\"letter-spacing: 1.2px; background-color: transparent;\">Come sail with us!<\/i><\/p>\t\t\t\t\t\t\t\t<\/div>\n\t\t\t\t<\/div>\n\t\t\t\t\t<\/div>\n\t\t<\/div>\n\t\t\t\t\t<\/div>\n\t\t<\/section>\n\t\t\t\t<\/div>","protected":false},"excerpt":{"rendered":"<p>CADASTUR SOMOS uma empresa operadora de turismo especializada em passeios de barco a vela na cidade do Rio de Janeiro. Oferecemos passeios de barco a vela compartilhados e privativos, desde 2012. Voc\u00ea pode ter certeza de que sua experi\u00eancia ser\u00e1 \u00fanica e inesquec\u00edvel! SAIL IN RIO SAIL IN RIO \u00e9 uma fam\u00edlia liderando uma opera\u00e7\u00e3o [&hellip;]<\/p>","protected":false},"author":4,"featured_media":16664,"parent":0,"menu_order":31,"comment_status":"closed","ping_status":"closed","template":"elementor_header_footer","meta":{"footnotes":""},"class_list":["post-19044","page","type-page","status-publish","has-post-thumbnail","hentry"],"yoast_head":"<!-- This site is optimized with the Yoast SEO plugin v26.6 - https:\/\/yoast.com\/wordpress\/plugins\/seo\/ -->\n<title>Prestador Especializado em Segmentos Tur\u00edsticos<\/title>\n<meta name=\"description\" content=\"KAMEHAMEHA SERVICOS DE TURISMO LTDA. Prestador Especializado em Segmentos Tur\u00edsticos. 38.477.887\/0001-86\" \/>\n<meta name=\"robots\" content=\"index, follow, max-snippet:-1, max-image-preview:large, max-video-preview:-1\" \/>\n<link rel=\"canonical\" href=\"https:\/\/sailinrio.com\/en\/cadastur\/\" \/>\n<meta property=\"og:locale\" content=\"en_US\" \/>\n<meta property=\"og:type\" content=\"article\" \/>\n<meta property=\"og:title\" content=\"Prestador Especializado em Segmentos Tur\u00edsticos\" \/>\n<meta property=\"og:description\" content=\"KAMEHAMEHA SERVICOS DE TURISMO LTDA. Prestador Especializado em Segmentos Tur\u00edsticos. 38.477.887\/0001-86\" \/>\n<meta property=\"og:url\" content=\"https:\/\/sailinrio.com\/en\/cadastur\/\" \/>\n<meta property=\"og:site_name\" content=\"SAIL IN RIO\" \/>\n<meta property=\"article:publisher\" content=\"https:\/\/www.facebook.com\/sailinrio\" \/>\n<meta property=\"article:modified_time\" content=\"2025-03-29T17:39:16+00:00\" \/>\n<meta property=\"og:image\" content=\"https:\/\/sailinrio.com\/wp-content\/uploads\/2023\/10\/sail_in_rio_capa.jpg\" \/>\n\t<meta property=\"og:image:width\" content=\"1200\" \/>\n\t<meta property=\"og:image:height\" content=\"600\" \/>\n\t<meta property=\"og:image:type\" content=\"image\/jpeg\" \/>\n<meta name=\"twitter:card\" content=\"summary_large_image\" \/>\n<meta name=\"twitter:title\" content=\"Prestador Especializado em Segmentos Tur\u00edsticos\" \/>\n<meta name=\"twitter:description\" content=\"KAMEHAMEHA SERVICOS DE TURISMO LTDA. Prestador Especializado em Segmentos Tur\u00edsticos. 38.477.887\/0001-86\" \/>\n<meta name=\"twitter:image\" content=\"https:\/\/sailinrio.com\/wp-content\/uploads\/2023\/10\/sail_in_rio_capa.jpg\" \/>\n<meta name=\"twitter:site\" content=\"@SailinRio\" \/>\n<meta name=\"twitter:label1\" content=\"Est. reading time\" \/>\n\t<meta name=\"twitter:data1\" content=\"2 minutes\" \/>\n<script type=\"application\/ld+json\" class=\"yoast-schema-graph\">{\"@context\":\"https:\/\/schema.org\",\"@graph\":[{\"@type\":\"WebPage\",\"@id\":\"https:\/\/sailinrio.com\/cadastur\/\",\"url\":\"https:\/\/sailinrio.com\/cadastur\/\",\"name\":\"Prestador Especializado em Segmentos Tur\u00edsticos\",\"isPartOf\":{\"@id\":\"https:\/\/sailinrio.com\/#website\"},\"primaryImageOfPage\":{\"@id\":\"https:\/\/sailinrio.com\/cadastur\/#primaryimage\"},\"image\":{\"@id\":\"https:\/\/sailinrio.com\/cadastur\/#primaryimage\"},\"thumbnailUrl\":\"https:\/\/sailinrio.com\/wp-content\/uploads\/2023\/10\/sail_in_rio_capa.jpg\",\"datePublished\":\"2025-01-23T18:37:02+00:00\",\"dateModified\":\"2025-03-29T17:39:16+00:00\",\"description\":\"KAMEHAMEHA SERVICOS DE TURISMO LTDA. Prestador Especializado em Segmentos Tur\u00edsticos. 38.477.887\/0001-86\",\"breadcrumb\":{\"@id\":\"https:\/\/sailinrio.com\/cadastur\/#breadcrumb\"},\"inLanguage\":\"en-US\",\"potentialAction\":[{\"@type\":\"ReadAction\",\"target\":[\"https:\/\/sailinrio.com\/cadastur\/\"]}]},{\"@type\":\"ImageObject\",\"inLanguage\":\"en-US\",\"@id\":\"https:\/\/sailinrio.com\/cadastur\/#primaryimage\",\"url\":\"https:\/\/sailinrio.com\/wp-content\/uploads\/2023\/10\/sail_in_rio_capa.jpg\",\"contentUrl\":\"https:\/\/sailinrio.com\/wp-content\/uploads\/2023\/10\/sail_in_rio_capa.jpg\",\"width\":1200,\"height\":600},{\"@type\":\"BreadcrumbList\",\"@id\":\"https:\/\/sailinrio.com\/cadastur\/#breadcrumb\",\"itemListElement\":[{\"@type\":\"ListItem\",\"position\":1,\"name\":\"In\u00edcio\",\"item\":\"https:\/\/sailinrio.com\/\"},{\"@type\":\"ListItem\",\"position\":2,\"name\":\"CADASTUR\"}]},{\"@type\":\"WebSite\",\"@id\":\"https:\/\/sailinrio.com\/#website\",\"url\":\"https:\/\/sailinrio.com\/\",\"name\":\"SAIL IN RIO\",\"description\":\"O Melhor Passeio de Barco no Rio de Janeiro\",\"publisher\":{\"@id\":\"https:\/\/sailinrio.com\/#organization\"},\"potentialAction\":[{\"@type\":\"SearchAction\",\"target\":{\"@type\":\"EntryPoint\",\"urlTemplate\":\"https:\/\/sailinrio.com\/?s={search_term_string}\"},\"query-input\":{\"@type\":\"PropertyValueSpecification\",\"valueRequired\":true,\"valueName\":\"search_term_string\"}}],\"inLanguage\":\"en-US\"},{\"@type\":\"Organization\",\"@id\":\"https:\/\/sailinrio.com\/#organization\",\"name\":\"SAIL IN RIO\",\"url\":\"https:\/\/sailinrio.com\/\",\"logo\":{\"@type\":\"ImageObject\",\"inLanguage\":\"en-US\",\"@id\":\"https:\/\/sailinrio.com\/#\/schema\/logo\/image\/\",\"url\":\"https:\/\/brand.sailinrio.com\/wp-content\/uploads\/2020\/08\/7285d5_aa7cd0397814418c946d02be5500f01f_mv2_d_5639_1367_s_2-1.png\",\"contentUrl\":\"https:\/\/brand.sailinrio.com\/wp-content\/uploads\/2020\/08\/7285d5_aa7cd0397814418c946d02be5500f01f_mv2_d_5639_1367_s_2-1.png\",\"width\":5639,\"height\":1367,\"caption\":\"SAIL IN RIO\"},\"image\":{\"@id\":\"https:\/\/sailinrio.com\/#\/schema\/logo\/image\/\"},\"sameAs\":[\"https:\/\/www.facebook.com\/sailinrio\",\"https:\/\/x.com\/SailinRio\",\"https:\/\/www.instagram.com\/sail_in_rio\/\",\"https:\/\/www.linkedin.com\/company\/sail-in-rio\"]}]}<\/script>\n<!-- \/ Yoast SEO plugin. -->","yoast_head_json":{"title":"Prestador Especializado em Segmentos Tur\u00edsticos","description":"KAMEHAMEHA SERVICOS DE TURISMO LTDA. Prestador Especializado em Segmentos Tur\u00edsticos. 38.477.887\/0001-86","robots":{"index":"index","follow":"follow","max-snippet":"max-snippet:-1","max-image-preview":"max-image-preview:large","max-video-preview":"max-video-preview:-1"},"canonical":"https:\/\/sailinrio.com\/en\/cadastur\/","og_locale":"en_US","og_type":"article","og_title":"Prestador Especializado em Segmentos Tur\u00edsticos","og_description":"KAMEHAMEHA SERVICOS DE TURISMO LTDA. Prestador Especializado em Segmentos Tur\u00edsticos. 38.477.887\/0001-86","og_url":"https:\/\/sailinrio.com\/en\/cadastur\/","og_site_name":"SAIL IN RIO","article_publisher":"https:\/\/www.facebook.com\/sailinrio","article_modified_time":"2025-03-29T17:39:16+00:00","og_image":[{"width":1200,"height":600,"url":"https:\/\/sailinrio.com\/wp-content\/uploads\/2023\/10\/sail_in_rio_capa.jpg","type":"image\/jpeg"}],"twitter_card":"summary_large_image","twitter_title":"Prestador Especializado em Segmentos Tur\u00edsticos","twitter_description":"KAMEHAMEHA SERVICOS DE TURISMO LTDA. Prestador Especializado em Segmentos Tur\u00edsticos. 38.477.887\/0001-86","twitter_image":"https:\/\/sailinrio.com\/wp-content\/uploads\/2023\/10\/sail_in_rio_capa.jpg","twitter_site":"@SailinRio","twitter_misc":{"Est. reading time":"2 minutes"},"schema":{"@context":"https:\/\/schema.org","@graph":[{"@type":"WebPage","@id":"https:\/\/sailinrio.com\/cadastur\/","url":"https:\/\/sailinrio.com\/cadastur\/","name":"Prestador Especializado em Segmentos Tur\u00edsticos","isPartOf":{"@id":"https:\/\/sailinrio.com\/#website"},"primaryImageOfPage":{"@id":"https:\/\/sailinrio.com\/cadastur\/#primaryimage"},"image":{"@id":"https:\/\/sailinrio.com\/cadastur\/#primaryimage"},"thumbnailUrl":"https:\/\/sailinrio.com\/wp-content\/uploads\/2023\/10\/sail_in_rio_capa.jpg","datePublished":"2025-01-23T18:37:02+00:00","dateModified":"2025-03-29T17:39:16+00:00","description":"KAMEHAMEHA SERVICOS DE TURISMO LTDA. Prestador Especializado em Segmentos Tur\u00edsticos. 38.477.887\/0001-86","breadcrumb":{"@id":"https:\/\/sailinrio.com\/cadastur\/#breadcrumb"},"inLanguage":"en-US","potentialAction":[{"@type":"ReadAction","target":["https:\/\/sailinrio.com\/cadastur\/"]}]},{"@type":"ImageObject","inLanguage":"en-US","@id":"https:\/\/sailinrio.com\/cadastur\/#primaryimage","url":"https:\/\/sailinrio.com\/wp-content\/uploads\/2023\/10\/sail_in_rio_capa.jpg","contentUrl":"https:\/\/sailinrio.com\/wp-content\/uploads\/2023\/10\/sail_in_rio_capa.jpg","width":1200,"height":600},{"@type":"BreadcrumbList","@id":"https:\/\/sailinrio.com\/cadastur\/#breadcrumb","itemListElement":[{"@type":"ListItem","position":1,"name":"In\u00edcio","item":"https:\/\/sailinrio.com\/"},{"@type":"ListItem","position":2,"name":"CADASTUR"}]},{"@type":"WebSite","@id":"https:\/\/sailinrio.com\/#website","url":"https:\/\/sailinrio.com\/","name":"SAIL IN RIO","description":"O Melhor Passeio de Barco no Rio de Janeiro","publisher":{"@id":"https:\/\/sailinrio.com\/#organization"},"potentialAction":[{"@type":"SearchAction","target":{"@type":"EntryPoint","urlTemplate":"https:\/\/sailinrio.com\/?s={search_term_string}"},"query-input":{"@type":"PropertyValueSpecification","valueRequired":true,"valueName":"search_term_string"}}],"inLanguage":"en-US"},{"@type":"Organization","@id":"https:\/\/sailinrio.com\/#organization","name":"SAIL IN RIO","url":"https:\/\/sailinrio.com\/","logo":{"@type":"ImageObject","inLanguage":"en-US","@id":"https:\/\/sailinrio.com\/#\/schema\/logo\/image\/","url":"https:\/\/brand.sailinrio.com\/wp-content\/uploads\/2020\/08\/7285d5_aa7cd0397814418c946d02be5500f01f_mv2_d_5639_1367_s_2-1.png","contentUrl":"https:\/\/brand.sailinrio.com\/wp-content\/uploads\/2020\/08\/7285d5_aa7cd0397814418c946d02be5500f01f_mv2_d_5639_1367_s_2-1.png","width":5639,"height":1367,"caption":"SAIL IN RIO"},"image":{"@id":"https:\/\/sailinrio.com\/#\/schema\/logo\/image\/"},"sameAs":["https:\/\/www.facebook.com\/sailinrio","https:\/\/x.com\/SailinRio","https:\/\/www.instagram.com\/sail_in_rio\/","https:\/\/www.linkedin.com\/company\/sail-in-rio"]}]}},"_links":{"self":[{"href":"https:\/\/sailinrio.com\/en\/wp-json\/wp\/v2\/pages\/19044","targetHints":{"allow":["GET"]}}],"collection":[{"href":"https:\/\/sailinrio.com\/en\/wp-json\/wp\/v2\/pages"}],"about":[{"href":"https:\/\/sailinrio.com\/en\/wp-json\/wp\/v2\/types\/page"}],"author":[{"embeddable":true,"href":"https:\/\/sailinrio.com\/en\/wp-json\/wp\/v2\/users\/4"}],"replies":[{"embeddable":true,"href":"https:\/\/sailinrio.com\/en\/wp-json\/wp\/v2\/comments?post=19044"}],"version-history":[{"count":7,"href":"https:\/\/sailinrio.com\/en\/wp-json\/wp\/v2\/pages\/19044\/revisions"}],"predecessor-version":[{"id":19544,"href":"https:\/\/sailinrio.com\/en\/wp-json\/wp\/v2\/pages\/19044\/revisions\/19544"}],"wp:featuredmedia":[{"embeddable":true,"href":"https:\/\/sailinrio.com\/en\/wp-json\/wp\/v2\/media\/16664"}],"wp:attachment":[{"href":"https:\/\/sailinrio.com\/en\/wp-json\/wp\/v2\/media?parent=19044"}],"curies":[{"name":"wp","href":"https:\/\/api.w.org\/{rel}","templated":true}]}}