{"id":16534,"date":"2023-07-20T17:01:56","date_gmt":"2023-07-20T20:01:56","guid":{"rendered":"https:\/\/sailinrio.com\/?page_id=16534"},"modified":"2024-07-11T12:32:04","modified_gmt":"2024-07-11T15:32:04","slug":"passeios-de-barco-eventos-especiais","status":"publish","type":"page","link":"https:\/\/sailinrio.com\/en\/passeios-de-barco-eventos-especiais\/","title":{"rendered":"BOAT TOURS - SPECIAL EVENTS"},"content":{"rendered":"<div data-elementor-type=\"wp-page\" data-elementor-id=\"16534\" class=\"elementor elementor-16534\" data-elementor-settings=\"{&quot;ha_cmc_init_switcher&quot;:&quot;no&quot;}\" data-elementor-post-type=\"page\">\n\t\t\t\t\t\t<section class=\"elementor-section elementor-top-section elementor-element elementor-element-18acd6e elementor-section-boxed ang-section-padding-initial elementor-section-height-default elementor-section-height-default elementor-repeater-item-none elementor-repeater-item-none_hover\" data-id=\"18acd6e\" data-element_type=\"section\" data-settings=\"{&quot;background_background&quot;:&quot;classic&quot;,&quot;_ha_eqh_enable&quot;:false}\">\n\t\t\t\t\t\t\t<div class=\"elementor-background-overlay\"><\/div>\n\t\t\t\t\t\t\t<div class=\"elementor-container elementor-column-gap-default\">\n\t\t\t\t\t<div class=\"elementor-column elementor-col-100 elementor-top-column elementor-element elementor-element-66948e2 elementor-repeater-item-none elementor-repeater-item-none_hover\" data-id=\"66948e2\" data-element_type=\"column\">\n\t\t\t<div class=\"elementor-widget-wrap elementor-element-populated\">\n\t\t\t\t\t\t<section class=\"elementor-section elementor-inner-section elementor-element elementor-element-e30bbd3 elementor-section-height-min-height elementor-section-boxed ang-section-padding-initial elementor-section-height-default elementor-repeater-item-none elementor-repeater-item-none_hover\" data-id=\"e30bbd3\" data-element_type=\"section\" data-settings=\"{&quot;_ha_eqh_enable&quot;:false}\">\n\t\t\t\t\t\t<div class=\"elementor-container elementor-column-gap-default\">\n\t\t\t\t\t<div class=\"elementor-column elementor-col-100 elementor-inner-column elementor-element elementor-element-768f01e elementor-repeater-item-none elementor-repeater-item-none_hover\" data-id=\"768f01e\" data-element_type=\"column\">\n\t\t\t<div class=\"elementor-widget-wrap elementor-element-populated\">\n\t\t\t\t\t\t<div class=\"elementor-element elementor-element-84143c2 elementor-widget__width-initial elementor-repeater-item-none elementor-repeater-item-none_hover elementor-widget elementor-widget-heading\" data-id=\"84143c2\" data-element_type=\"widget\" data-widget_type=\"heading.default\">\n\t\t\t\t<div class=\"elementor-widget-container\">\n\t\t\t\t\t<h1 class=\"elementor-heading-title elementor-size-default\">BOAT TOURS - SPECIAL EVENTS<\/h1>\t\t\t\t<\/div>\n\t\t\t\t<\/div>\n\t\t\t\t\t<\/div>\n\t\t<\/div>\n\t\t\t\t\t<\/div>\n\t\t<\/section>\n\t\t\t\t\t<\/div>\n\t\t<\/div>\n\t\t\t\t\t<\/div>\n\t\t<\/section>\n\t\t\t\t<section class=\"elementor-section elementor-top-section elementor-element elementor-element-31f3f05 elementor-section-boxed ang-section-padding-initial elementor-section-height-default elementor-section-height-default elementor-repeater-item-none elementor-repeater-item-none_hover\" data-id=\"31f3f05\" data-element_type=\"section\" data-settings=\"{&quot;background_background&quot;:&quot;classic&quot;,&quot;_ha_eqh_enable&quot;:false}\">\n\t\t\t\t\t\t\t<div class=\"elementor-background-overlay\"><\/div>\n\t\t\t\t\t\t\t<div class=\"elementor-container elementor-column-gap-default\">\n\t\t\t\t\t<div class=\"elementor-column elementor-col-100 elementor-top-column elementor-element elementor-element-d296b8b elementor-repeater-item-none elementor-repeater-item-none_hover\" data-id=\"d296b8b\" data-element_type=\"column\">\n\t\t\t<div class=\"elementor-widget-wrap elementor-element-populated\">\n\t\t\t\t\t\t<div class=\"elementor-element elementor-element-1349ebe elementor-repeater-item-none elementor-repeater-item-none_hover elementor-widget elementor-widget-heading\" data-id=\"1349ebe\" data-element_type=\"widget\" data-widget_type=\"heading.default\">\n\t\t\t\t<div class=\"elementor-widget-container\">\n\t\t\t\t\t<h2 class=\"elementor-heading-title elementor-size-default\">SPECIAL EVENTS<\/h2>\t\t\t\t<\/div>\n\t\t\t\t<\/div>\n\t\t\t\t<div class=\"elementor-element elementor-element-361407e elementor-repeater-item-none elementor-repeater-item-none_hover elementor-widget elementor-widget-heading\" data-id=\"361407e\" data-element_type=\"widget\" data-widget_type=\"heading.default\">\n\t\t\t\t<div class=\"elementor-widget-container\">\n\t\t\t\t\t<h5 class=\"elementor-heading-title elementor-size-default\">SHARED OR PRIVATE GROUPS: UP TO 16 PEOPLE<\/h5>\t\t\t\t<\/div>\n\t\t\t\t<\/div>\n\t\t\t\t<div class=\"elementor-element elementor-element-f4d933a elementor-widget-divider--view-line elementor-repeater-item-none elementor-repeater-item-none_hover elementor-widget elementor-widget-divider\" data-id=\"f4d933a\" data-element_type=\"widget\" data-widget_type=\"divider.default\">\n\t\t\t\t<div class=\"elementor-widget-container\">\n\t\t\t\t\t\t\t<div class=\"elementor-divider\">\n\t\t\t<span class=\"elementor-divider-separator\">\n\t\t\t\t\t\t<\/span>\n\t\t<\/div>\n\t\t\t\t\t\t<\/div>\n\t\t\t\t<\/div>\n\t\t\t\t<div class=\"elementor-element elementor-element-3ee0cff elementor-repeater-item-none elementor-repeater-item-none_hover elementor-widget elementor-widget-text-editor\" data-id=\"3ee0cff\" data-element_type=\"widget\" data-widget_type=\"text-editor.default\">\n\t\t\t\t<div class=\"elementor-widget-container\">\n\t\t\t\t\t\t\t\t\t<p><strong>\u00a0<\/strong><\/p><p><strong>Tours with special events are configured to meet different demands.<\/strong><\/p><p><strong>They can be programmed according to specific seasons or destinations,<\/strong><strong> commemorative dates or natural phenomena<\/strong><strong>. <\/strong><\/p><p><strong>\u00a0<\/strong><\/p>\t\t\t\t\t\t\t\t<\/div>\n\t\t\t\t<\/div>\n\t\t\t\t<div class=\"elementor-element elementor-element-651a055 elementor-widget__width-initial ha-advanced-tooltip-top bdt-filter-backdrop ha-has-bg-overlay elementor-repeater-item-none elementor-repeater-item-none_hover elementor-widget elementor-widget-jet-listing-grid\" data-id=\"651a055\" data-element_type=\"widget\" data-settings=\"{&quot;columns&quot;:&quot;1&quot;}\" data-widget_type=\"jet-listing-grid.default\">\n\t\t\t\t<div class=\"elementor-widget-container\">\n\t\t\t\t\t<div class=\"jet-listing-grid jet-listing-grid--lazy-load jet-listing jet-listing-grid-loading\" data-lazy-load=\"{&quot;offset&quot;:&quot;0px&quot;,&quot;post_id&quot;:16534,&quot;queried_id&quot;:&quot;16534|WP_Post&quot;}\"><div class=\"jet-listing-grid__loader\"><div class=\"jet-listing-grid__loader-spinner\"><\/div><\/div><\/div>\t\t\t\t<\/div>\n\t\t\t\t<\/div>\n\t\t\t\t\t<\/div>\n\t\t<\/div>\n\t\t\t\t\t<\/div>\n\t\t<\/section>\n\t\t\t\t<section class=\"elementor-section elementor-top-section elementor-element elementor-element-006ec2b elementor-section-boxed ang-section-padding-initial elementor-section-height-default elementor-section-height-default elementor-repeater-item-none elementor-repeater-item-none_hover\" data-id=\"006ec2b\" data-element_type=\"section\" data-settings=\"{&quot;background_background&quot;:&quot;classic&quot;,&quot;_ha_eqh_enable&quot;:false}\">\n\t\t\t\t\t\t\t<div class=\"elementor-background-overlay\"><\/div>\n\t\t\t\t\t\t\t<div class=\"elementor-container elementor-column-gap-no\">\n\t\t\t\t\t<div class=\"elementor-column elementor-col-100 elementor-top-column elementor-element elementor-element-592e00e elementor-repeater-item-none elementor-repeater-item-none_hover\" data-id=\"592e00e\" data-element_type=\"column\">\n\t\t\t<div class=\"elementor-widget-wrap elementor-element-populated\">\n\t\t\t\t\t\t<div class=\"elementor-element elementor-element-f869ef4 elementor-repeater-item-none elementor-repeater-item-none_hover elementor-widget elementor-widget-heading\" data-id=\"f869ef4\" data-element_type=\"widget\" data-widget_type=\"heading.default\">\n\t\t\t\t<div class=\"elementor-widget-container\">\n\t\t\t\t\t<h2 class=\"elementor-heading-title elementor-size-default\">Online reservations, on the tour page.<\/h2>\t\t\t\t<\/div>\n\t\t\t\t<\/div>\n\t\t\t\t<section class=\"elementor-section elementor-inner-section elementor-element elementor-element-97002e6 elementor-section-boxed ang-section-padding-initial elementor-section-height-default elementor-section-height-default elementor-repeater-item-none elementor-repeater-item-none_hover\" data-id=\"97002e6\" data-element_type=\"section\" data-settings=\"{&quot;_ha_eqh_enable&quot;:false}\">\n\t\t\t\t\t\t<div class=\"elementor-container elementor-column-gap-default\">\n\t\t\t\t\t<div class=\"elementor-column elementor-col-100 elementor-inner-column elementor-element elementor-element-56d40c7 elementor-repeater-item-none elementor-repeater-item-none_hover\" data-id=\"56d40c7\" data-element_type=\"column\">\n\t\t\t<div class=\"elementor-widget-wrap elementor-element-populated\">\n\t\t\t\t\t\t<div class=\"elementor-element elementor-element-b058d0e elementor-shape-rounded elementor-grid-0 e-grid-align-center elementor-repeater-item-none elementor-repeater-item-none_hover elementor-widget elementor-widget-social-icons\" data-id=\"b058d0e\" data-element_type=\"widget\" data-widget_type=\"social-icons.default\">\n\t\t\t\t<div class=\"elementor-widget-container\">\n\t\t\t\t\t\t\t<div class=\"elementor-social-icons-wrapper elementor-grid\" role=\"list\">\n\t\t\t\t\t\t\t<span class=\"elementor-grid-item\" role=\"listitem\">\n\t\t\t\t\t<a class=\"elementor-icon elementor-social-icon elementor-social-icon-facebook-f elementor-repeater-item-e7c7dc5\" href=\"https:\/\/www.facebook.com\/sailinrio\" target=\"_blank\">\n\t\t\t\t\t\t<span class=\"elementor-screen-only\">facebook-f<\/span>\n\t\t\t\t\t\t<i aria-hidden=\"true\" class=\"fab fa-facebook-f\"><\/i>\t\t\t\t\t<\/a>\n\t\t\t\t<\/span>\n\t\t\t\t\t\t\t<span class=\"elementor-grid-item\" role=\"listitem\">\n\t\t\t\t\t<a class=\"elementor-icon elementor-social-icon elementor-social-icon-twitter elementor-repeater-item-3158279\" href=\"https:\/\/www.twitter.com\/sailinrio\" target=\"_blank\">\n\t\t\t\t\t\t<span class=\"elementor-screen-only\">twitter<\/span>\n\t\t\t\t\t\t<i aria-hidden=\"true\" class=\"fab fa-twitter\"><\/i>\t\t\t\t\t<\/a>\n\t\t\t\t<\/span>\n\t\t\t\t\t\t\t<span class=\"elementor-grid-item\" role=\"listitem\">\n\t\t\t\t\t<a class=\"elementor-icon elementor-social-icon elementor-social-icon-instagram elementor-repeater-item-97c3428\" href=\"https:\/\/www.instagram.com\/sail_in_rio\" target=\"_blank\">\n\t\t\t\t\t\t<span class=\"elementor-screen-only\">Instagram<\/span>\n\t\t\t\t\t\t<i aria-hidden=\"true\" class=\"fab fa-instagram\"><\/i>\t\t\t\t\t<\/a>\n\t\t\t\t<\/span>\n\t\t\t\t\t\t\t<span class=\"elementor-grid-item\" role=\"listitem\">\n\t\t\t\t\t<a class=\"elementor-icon elementor-social-icon elementor-social-icon-tripadvisor elementor-repeater-item-7e913d0\" href=\"https:\/\/www.tripadvisor.com.br\/Attraction_Review-d3500486.html\" target=\"_blank\">\n\t\t\t\t\t\t<span class=\"elementor-screen-only\">tripadvisor<\/span>\n\t\t\t\t\t\t<i aria-hidden=\"true\" class=\"fab fa-tripadvisor\"><\/i>\t\t\t\t\t<\/a>\n\t\t\t\t<\/span>\n\t\t\t\t\t<\/div>\n\t\t\t\t\t\t<\/div>\n\t\t\t\t<\/div>\n\t\t\t\t<div class=\"elementor-element elementor-element-363da3a elementor-repeater-item-none elementor-repeater-item-none_hover elementor-widget elementor-widget-text-editor\" data-id=\"363da3a\" data-element_type=\"widget\" data-widget_type=\"text-editor.default\">\n\t\t\t\t<div class=\"elementor-widget-container\">\n\t\t\t\t\t\t\t\t\t<p>To know more about our boat tours in Rio de Janeiro, send a message to <strong>info@sailinrio.com<\/strong> or +<strong>55 (21) 3079-3508,<\/strong> or fill out the contact form below today!<\/p>\t\t\t\t\t\t\t\t<\/div>\n\t\t\t\t<\/div>\n\t\t\t\t\t<\/div>\n\t\t<\/div>\n\t\t\t\t\t<\/div>\n\t\t<\/section>\n\t\t\t\t\t<\/div>\n\t\t<\/div>\n\t\t\t\t\t<\/div>\n\t\t<\/section>\n\t\t\t\t<\/div>","protected":false},"excerpt":{"rendered":"<p>Passeios de Barco Eventos Especiais Eventos Especiais Grupos Compartilhados ou Privativos &#8211; at\u00e9 16 participantes \u00a0 Os passeios com eventos especiais s\u00e3o configurados para atender demandas diferenciadas. Podem ser programados conforme temporadas espec\u00edficas, datas comemorativas ou fen\u00f4menos naturais. \u00a0 Reservas Online, na p\u00e1gina do passeio. Facebook-f Twitter Instagram Tripadvisor Para saber mais sobre nossos passeios [&hellip;]<\/p>","protected":false},"author":4,"featured_media":16463,"parent":0,"menu_order":0,"comment_status":"closed","ping_status":"closed","template":"elementor_header_footer","meta":{"footnotes":""},"class_list":["post-16534","page","type-page","status-publish","has-post-thumbnail","hentry"],"yoast_head":"<!-- This site is optimized with the Yoast SEO plugin v26.6 - https:\/\/yoast.com\/wordpress\/plugins\/seo\/ -->\n<title>Passeios de Barco Eventos Especiais<\/title>\n<meta name=\"description\" content=\"Os passeios com eventos especiais s\u00e3o configurados para atender demandas diferenciadas. Podem ser programados conforme temporadas espec\u00edficas, datas comemorativas ou fen\u00f4menos naturais.\" \/>\n<meta name=\"robots\" content=\"index, follow, max-snippet:-1, max-image-preview:large, max-video-preview:-1\" \/>\n<link rel=\"canonical\" href=\"https:\/\/sailinrio.com\/en\/passeios-de-barco-eventos-especiais\/\" \/>\n<meta property=\"og:locale\" content=\"en_US\" \/>\n<meta property=\"og:type\" content=\"article\" \/>\n<meta property=\"og:title\" content=\"Passeios de Barco Eventos Especiais\" \/>\n<meta property=\"og:description\" content=\"Os passeios com eventos especiais s\u00e3o configurados para atender demandas diferenciadas. Podem ser programados conforme temporadas espec\u00edficas, datas comemorativas ou fen\u00f4menos naturais.\" \/>\n<meta property=\"og:url\" content=\"https:\/\/sailinrio.com\/en\/passeios-de-barco-eventos-especiais\/\" \/>\n<meta property=\"og:site_name\" content=\"SAIL IN RIO\" \/>\n<meta property=\"article:publisher\" content=\"https:\/\/www.facebook.com\/sailinrio\" \/>\n<meta property=\"article:modified_time\" content=\"2024-07-11T15:32:04+00:00\" \/>\n<meta property=\"og:image\" content=\"https:\/\/sailinrio.com\/wp-content\/uploads\/2023\/07\/sailinrio-baleia-JUBARTE-no-rio-de-janeiro_003.jpg\" \/>\n\t<meta property=\"og:image:width\" content=\"1920\" \/>\n\t<meta property=\"og:image:height\" content=\"1027\" \/>\n\t<meta property=\"og:image:type\" content=\"image\/jpeg\" \/>\n<meta name=\"twitter:card\" content=\"summary_large_image\" \/>\n<meta name=\"twitter:site\" content=\"@SailinRio\" \/>\n<meta name=\"twitter:label1\" content=\"Est. reading time\" \/>\n\t<meta name=\"twitter:data1\" content=\"1 minute\" \/>\n<script type=\"application\/ld+json\" class=\"yoast-schema-graph\">{\"@context\":\"https:\/\/schema.org\",\"@graph\":[{\"@type\":\"WebPage\",\"@id\":\"https:\/\/sailinrio.com\/passeios-de-barco-eventos-especiais\/\",\"url\":\"https:\/\/sailinrio.com\/passeios-de-barco-eventos-especiais\/\",\"name\":\"Passeios de Barco Eventos Especiais\",\"isPartOf\":{\"@id\":\"https:\/\/sailinrio.com\/#website\"},\"primaryImageOfPage\":{\"@id\":\"https:\/\/sailinrio.com\/passeios-de-barco-eventos-especiais\/#primaryimage\"},\"image\":{\"@id\":\"https:\/\/sailinrio.com\/passeios-de-barco-eventos-especiais\/#primaryimage\"},\"thumbnailUrl\":\"https:\/\/sailinrio.com\/wp-content\/uploads\/2023\/07\/sailinrio-baleia-JUBARTE-no-rio-de-janeiro_003.jpg\",\"datePublished\":\"2023-07-20T20:01:56+00:00\",\"dateModified\":\"2024-07-11T15:32:04+00:00\",\"description\":\"Os passeios com eventos especiais s\u00e3o configurados para atender demandas diferenciadas. Podem ser programados conforme temporadas espec\u00edficas, datas comemorativas ou fen\u00f4menos naturais.\",\"breadcrumb\":{\"@id\":\"https:\/\/sailinrio.com\/passeios-de-barco-eventos-especiais\/#breadcrumb\"},\"inLanguage\":\"en-US\",\"potentialAction\":[{\"@type\":\"ReadAction\",\"target\":[\"https:\/\/sailinrio.com\/passeios-de-barco-eventos-especiais\/\"]}]},{\"@type\":\"ImageObject\",\"inLanguage\":\"en-US\",\"@id\":\"https:\/\/sailinrio.com\/passeios-de-barco-eventos-especiais\/#primaryimage\",\"url\":\"https:\/\/sailinrio.com\/wp-content\/uploads\/2023\/07\/sailinrio-baleia-JUBARTE-no-rio-de-janeiro_003.jpg\",\"contentUrl\":\"https:\/\/sailinrio.com\/wp-content\/uploads\/2023\/07\/sailinrio-baleia-JUBARTE-no-rio-de-janeiro_003.jpg\",\"width\":1920,\"height\":1027},{\"@type\":\"BreadcrumbList\",\"@id\":\"https:\/\/sailinrio.com\/passeios-de-barco-eventos-especiais\/#breadcrumb\",\"itemListElement\":[{\"@type\":\"ListItem\",\"position\":1,\"name\":\"In\u00edcio\",\"item\":\"https:\/\/sailinrio.com\/\"},{\"@type\":\"ListItem\",\"position\":2,\"name\":\"Passeios de Barco Eventos Especiais\"}]},{\"@type\":\"WebSite\",\"@id\":\"https:\/\/sailinrio.com\/#website\",\"url\":\"https:\/\/sailinrio.com\/\",\"name\":\"SAIL IN RIO\",\"description\":\"O Melhor Passeio de Barco no Rio de Janeiro\",\"publisher\":{\"@id\":\"https:\/\/sailinrio.com\/#organization\"},\"potentialAction\":[{\"@type\":\"SearchAction\",\"target\":{\"@type\":\"EntryPoint\",\"urlTemplate\":\"https:\/\/sailinrio.com\/?s={search_term_string}\"},\"query-input\":{\"@type\":\"PropertyValueSpecification\",\"valueRequired\":true,\"valueName\":\"search_term_string\"}}],\"inLanguage\":\"en-US\"},{\"@type\":\"Organization\",\"@id\":\"https:\/\/sailinrio.com\/#organization\",\"name\":\"SAIL IN RIO\",\"url\":\"https:\/\/sailinrio.com\/\",\"logo\":{\"@type\":\"ImageObject\",\"inLanguage\":\"en-US\",\"@id\":\"https:\/\/sailinrio.com\/#\/schema\/logo\/image\/\",\"url\":\"https:\/\/brand.sailinrio.com\/wp-content\/uploads\/2020\/08\/7285d5_aa7cd0397814418c946d02be5500f01f_mv2_d_5639_1367_s_2-1.png\",\"contentUrl\":\"https:\/\/brand.sailinrio.com\/wp-content\/uploads\/2020\/08\/7285d5_aa7cd0397814418c946d02be5500f01f_mv2_d_5639_1367_s_2-1.png\",\"width\":5639,\"height\":1367,\"caption\":\"SAIL IN RIO\"},\"image\":{\"@id\":\"https:\/\/sailinrio.com\/#\/schema\/logo\/image\/\"},\"sameAs\":[\"https:\/\/www.facebook.com\/sailinrio\",\"https:\/\/x.com\/SailinRio\",\"https:\/\/www.instagram.com\/sail_in_rio\/\",\"https:\/\/www.linkedin.com\/company\/sail-in-rio\"]}]}<\/script>\n<!-- \/ Yoast SEO plugin. -->","yoast_head_json":{"title":"BOAT TOURS - SPECIAL EVENTS","description":"Os passeios com eventos especiais s\u00e3o configurados para atender demandas diferenciadas. Podem ser programados conforme temporadas espec\u00edficas, datas comemorativas ou fen\u00f4menos naturais.","robots":{"index":"index","follow":"follow","max-snippet":"max-snippet:-1","max-image-preview":"max-image-preview:large","max-video-preview":"max-video-preview:-1"},"canonical":"https:\/\/sailinrio.com\/en\/passeios-de-barco-eventos-especiais\/","og_locale":"en_US","og_type":"article","og_title":"Passeios de Barco Eventos Especiais","og_description":"Os passeios com eventos especiais s\u00e3o configurados para atender demandas diferenciadas. Podem ser programados conforme temporadas espec\u00edficas, datas comemorativas ou fen\u00f4menos naturais.","og_url":"https:\/\/sailinrio.com\/en\/passeios-de-barco-eventos-especiais\/","og_site_name":"SAIL IN RIO","article_publisher":"https:\/\/www.facebook.com\/sailinrio","article_modified_time":"2024-07-11T15:32:04+00:00","og_image":[{"width":1920,"height":1027,"url":"https:\/\/sailinrio.com\/wp-content\/uploads\/2023\/07\/sailinrio-baleia-JUBARTE-no-rio-de-janeiro_003.jpg","type":"image\/jpeg"}],"twitter_card":"summary_large_image","twitter_site":"@SailinRio","twitter_misc":{"Est. reading time":"1 minute"},"schema":{"@context":"https:\/\/schema.org","@graph":[{"@type":"WebPage","@id":"https:\/\/sailinrio.com\/passeios-de-barco-eventos-especiais\/","url":"https:\/\/sailinrio.com\/passeios-de-barco-eventos-especiais\/","name":"BOAT TOURS - SPECIAL EVENTS","isPartOf":{"@id":"https:\/\/sailinrio.com\/#website"},"primaryImageOfPage":{"@id":"https:\/\/sailinrio.com\/passeios-de-barco-eventos-especiais\/#primaryimage"},"image":{"@id":"https:\/\/sailinrio.com\/passeios-de-barco-eventos-especiais\/#primaryimage"},"thumbnailUrl":"https:\/\/sailinrio.com\/wp-content\/uploads\/2023\/07\/sailinrio-baleia-JUBARTE-no-rio-de-janeiro_003.jpg","datePublished":"2023-07-20T20:01:56+00:00","dateModified":"2024-07-11T15:32:04+00:00","description":"Os passeios com eventos especiais s\u00e3o configurados para atender demandas diferenciadas. Podem ser programados conforme temporadas espec\u00edficas, datas comemorativas ou fen\u00f4menos naturais.","breadcrumb":{"@id":"https:\/\/sailinrio.com\/passeios-de-barco-eventos-especiais\/#breadcrumb"},"inLanguage":"en-US","potentialAction":[{"@type":"ReadAction","target":["https:\/\/sailinrio.com\/passeios-de-barco-eventos-especiais\/"]}]},{"@type":"ImageObject","inLanguage":"en-US","@id":"https:\/\/sailinrio.com\/passeios-de-barco-eventos-especiais\/#primaryimage","url":"https:\/\/sailinrio.com\/wp-content\/uploads\/2023\/07\/sailinrio-baleia-JUBARTE-no-rio-de-janeiro_003.jpg","contentUrl":"https:\/\/sailinrio.com\/wp-content\/uploads\/2023\/07\/sailinrio-baleia-JUBARTE-no-rio-de-janeiro_003.jpg","width":1920,"height":1027},{"@type":"BreadcrumbList","@id":"https:\/\/sailinrio.com\/passeios-de-barco-eventos-especiais\/#breadcrumb","itemListElement":[{"@type":"ListItem","position":1,"name":"In\u00edcio","item":"https:\/\/sailinrio.com\/"},{"@type":"ListItem","position":2,"name":"Passeios de Barco Eventos Especiais"}]},{"@type":"WebSite","@id":"https:\/\/sailinrio.com\/#website","url":"https:\/\/sailinrio.com\/","name":"SAIL IN RIO","description":"O Melhor Passeio de Barco no Rio de Janeiro","publisher":{"@id":"https:\/\/sailinrio.com\/#organization"},"potentialAction":[{"@type":"SearchAction","target":{"@type":"EntryPoint","urlTemplate":"https:\/\/sailinrio.com\/?s={search_term_string}"},"query-input":{"@type":"PropertyValueSpecification","valueRequired":true,"valueName":"search_term_string"}}],"inLanguage":"en-US"},{"@type":"Organization","@id":"https:\/\/sailinrio.com\/#organization","name":"SAIL IN RIO","url":"https:\/\/sailinrio.com\/","logo":{"@type":"ImageObject","inLanguage":"en-US","@id":"https:\/\/sailinrio.com\/#\/schema\/logo\/image\/","url":"https:\/\/brand.sailinrio.com\/wp-content\/uploads\/2020\/08\/7285d5_aa7cd0397814418c946d02be5500f01f_mv2_d_5639_1367_s_2-1.png","contentUrl":"https:\/\/brand.sailinrio.com\/wp-content\/uploads\/2020\/08\/7285d5_aa7cd0397814418c946d02be5500f01f_mv2_d_5639_1367_s_2-1.png","width":5639,"height":1367,"caption":"SAIL IN RIO"},"image":{"@id":"https:\/\/sailinrio.com\/#\/schema\/logo\/image\/"},"sameAs":["https:\/\/www.facebook.com\/sailinrio","https:\/\/x.com\/SailinRio","https:\/\/www.instagram.com\/sail_in_rio\/","https:\/\/www.linkedin.com\/company\/sail-in-rio"]}]}},"_links":{"self":[{"href":"https:\/\/sailinrio.com\/en\/wp-json\/wp\/v2\/pages\/16534","targetHints":{"allow":["GET"]}}],"collection":[{"href":"https:\/\/sailinrio.com\/en\/wp-json\/wp\/v2\/pages"}],"about":[{"href":"https:\/\/sailinrio.com\/en\/wp-json\/wp\/v2\/types\/page"}],"author":[{"embeddable":true,"href":"https:\/\/sailinrio.com\/en\/wp-json\/wp\/v2\/users\/4"}],"replies":[{"embeddable":true,"href":"https:\/\/sailinrio.com\/en\/wp-json\/wp\/v2\/comments?post=16534"}],"version-history":[{"count":44,"href":"https:\/\/sailinrio.com\/en\/wp-json\/wp\/v2\/pages\/16534\/revisions"}],"predecessor-version":[{"id":18733,"href":"https:\/\/sailinrio.com\/en\/wp-json\/wp\/v2\/pages\/16534\/revisions\/18733"}],"wp:featuredmedia":[{"embeddable":true,"href":"https:\/\/sailinrio.com\/en\/wp-json\/wp\/v2\/media\/16463"}],"wp:attachment":[{"href":"https:\/\/sailinrio.com\/en\/wp-json\/wp\/v2\/media?parent=16534"}],"curies":[{"name":"wp","href":"https:\/\/api.w.org\/{rel}","templated":true}]}}