{"id":13311,"date":"2022-10-03T12:05:01","date_gmt":"2022-10-03T15:05:01","guid":{"rendered":"https:\/\/sailinrio.com\/?page_id=13311"},"modified":"2025-10-21T16:47:09","modified_gmt":"2025-10-21T19:47:09","slug":"cartao-presente","status":"publish","type":"page","link":"https:\/\/sailinrio.com\/en\/cartao-presente\/","title":{"rendered":"CART\u00c3O PRESENTE"},"content":{"rendered":"<div data-elementor-type=\"wp-page\" data-elementor-id=\"13311\" class=\"elementor elementor-13311\" data-elementor-settings=\"{&quot;ha_cmc_init_switcher&quot;:&quot;no&quot;}\" data-elementor-post-type=\"page\">\n\t\t\t\t\t\t<section class=\"elementor-section elementor-top-section elementor-element elementor-element-ef4a8c5 elementor-section-stretched elementor-section-height-min-height elementor-section-boxed ang-section-padding-initial elementor-section-height-default elementor-section-items-middle elementor-repeater-item-none elementor-repeater-item-none_hover\" data-id=\"ef4a8c5\" data-element_type=\"section\" data-settings=\"{&quot;background_background&quot;:&quot;classic&quot;,&quot;stretch_section&quot;:&quot;section-stretched&quot;,&quot;_ha_eqh_enable&quot;:false}\">\n\t\t\t\t\t\t\t<div class=\"elementor-background-overlay\"><\/div>\n\t\t\t\t\t\t\t<div class=\"elementor-container elementor-column-gap-default\">\n\t\t\t\t\t<div class=\"elementor-column elementor-col-100 elementor-top-column elementor-element elementor-element-f49ad92 elementor-repeater-item-none elementor-repeater-item-none_hover\" data-id=\"f49ad92\" data-element_type=\"column\">\n\t\t\t<div class=\"elementor-widget-wrap elementor-element-populated\">\n\t\t\t\t\t\t<div class=\"elementor-element elementor-element-47a660b elementor-repeater-item-none elementor-repeater-item-none_hover elementor-widget elementor-widget-spacer\" data-id=\"47a660b\" data-element_type=\"widget\" data-widget_type=\"spacer.default\">\n\t\t\t\t<div class=\"elementor-widget-container\">\n\t\t\t\t\t\t\t<div class=\"elementor-spacer\">\n\t\t\t<div class=\"elementor-spacer-inner\"><\/div>\n\t\t<\/div>\n\t\t\t\t\t\t<\/div>\n\t\t\t\t<\/div>\n\t\t\t\t\t<\/div>\n\t\t<\/div>\n\t\t\t\t\t<\/div>\n\t\t<\/section>\n\t\t\t\t<section class=\"elementor-section elementor-top-section elementor-element elementor-element-0cf823c elementor-section-boxed ang-section-padding-initial elementor-section-height-default elementor-section-height-default elementor-repeater-item-none elementor-repeater-item-none_hover\" data-id=\"0cf823c\" data-element_type=\"section\" data-settings=\"{&quot;background_background&quot;:&quot;classic&quot;,&quot;_ha_eqh_enable&quot;:false}\">\n\t\t\t\t\t\t<div class=\"elementor-container elementor-column-gap-default\">\n\t\t\t\t\t<div class=\"elementor-column elementor-col-100 elementor-top-column elementor-element elementor-element-b38a6c1 elementor-repeater-item-none elementor-repeater-item-none_hover\" data-id=\"b38a6c1\" data-element_type=\"column\">\n\t\t\t<div class=\"elementor-widget-wrap elementor-element-populated\">\n\t\t\t\t\t\t<div class=\"elementor-element elementor-element-6964618 elementor-repeater-item-none elementor-repeater-item-none_hover elementor-widget elementor-widget-heading\" data-id=\"6964618\" data-element_type=\"widget\" data-widget_type=\"heading.default\">\n\t\t\t\t<div class=\"elementor-widget-container\">\n\t\t\t\t\t<h1 class=\"elementor-heading-title elementor-size-default\">An unforgettable gift!<\/h1>\t\t\t\t<\/div>\n\t\t\t\t<\/div>\n\t\t\t\t<div class=\"elementor-element elementor-element-726d769 elementor-repeater-item-none elementor-repeater-item-none_hover elementor-widget elementor-widget-heading\" data-id=\"726d769\" data-element_type=\"widget\" data-widget_type=\"heading.default\">\n\t\t\t\t<div class=\"elementor-widget-container\">\n\t\t\t\t\t<h5 class=\"elementor-heading-title elementor-size-default\">Offer one of our shared sailing experiences to a special person.<\/h5>\t\t\t\t<\/div>\n\t\t\t\t<\/div>\n\t\t\t\t<div class=\"elementor-element elementor-element-a83819a elementor-widget-divider--view-line elementor-repeater-item-none elementor-repeater-item-none_hover elementor-widget elementor-widget-divider\" data-id=\"a83819a\" data-element_type=\"widget\" data-widget_type=\"divider.default\">\n\t\t\t\t<div class=\"elementor-widget-container\">\n\t\t\t\t\t\t\t<div class=\"elementor-divider\">\n\t\t\t<span class=\"elementor-divider-separator\">\n\t\t\t\t\t\t<\/span>\n\t\t<\/div>\n\t\t\t\t\t\t<\/div>\n\t\t\t\t<\/div>\n\t\t\t\t\t<\/div>\n\t\t<\/div>\n\t\t\t\t\t<\/div>\n\t\t<\/section>\n\t\t\t\t<section class=\"elementor-section elementor-top-section elementor-element elementor-element-2a4331f elementor-reverse-mobile elementor-section-boxed ang-section-padding-initial elementor-section-height-default elementor-section-height-default elementor-repeater-item-none elementor-repeater-item-none_hover\" data-id=\"2a4331f\" data-element_type=\"section\" data-settings=\"{&quot;background_background&quot;:&quot;classic&quot;,&quot;_ha_eqh_enable&quot;:false}\">\n\t\t\t\t\t\t<div class=\"elementor-container elementor-column-gap-default\">\n\t\t\t\t\t<div class=\"elementor-column elementor-col-50 elementor-top-column elementor-element elementor-element-03efe2d elementor-repeater-item-none elementor-repeater-item-none_hover\" data-id=\"03efe2d\" data-element_type=\"column\">\n\t\t\t<div class=\"elementor-widget-wrap elementor-element-populated\">\n\t\t\t\t\t\t<div class=\"elementor-element elementor-element-686d40b elementor-repeater-item-none elementor-repeater-item-none_hover elementor-widget elementor-widget-html\" data-id=\"686d40b\" data-element_type=\"widget\" data-widget_type=\"html.default\">\n\t\t\t\t<div class=\"elementor-widget-container\">\n\t\t\t\t\t<script type=\"text\/javascript\" src=\"https:\/\/widgets.bokun.io\/assets\/javascripts\/apps\/build\/BokunWidgetsLoader.js?bookingChannelUUID=747393d1-80d6-4662-857f-f94ea6940cbe\" async><\/script>\n     \n    <div class=\"bokunWidget\" data-src=\"https:\/\/widgets.bokun.io\/online-sales\/747393d1-80d6-4662-857f-f94ea6940cbe\/gift-card\/3486\"><\/div>\n    <noscript>Please enable javascript in your browser to book<\/noscript>\n\t\t\t\t<\/div>\n\t\t\t\t<\/div>\n\t\t\t\t\t<\/div>\n\t\t<\/div>\n\t\t\t\t<div class=\"elementor-column elementor-col-50 elementor-top-column elementor-element elementor-element-bcbfd85 elementor-repeater-item-none elementor-repeater-item-none_hover\" data-id=\"bcbfd85\" data-element_type=\"column\">\n\t\t\t<div class=\"elementor-widget-wrap elementor-element-populated\">\n\t\t\t\t\t\t<div class=\"elementor-element elementor-element-2173fde external_elementor-repeater-item-none_external elementor-repeater-item-none elementor-repeater-item-none_hover elementor-widget elementor-widget-image\" data-id=\"2173fde\" data-element_type=\"widget\" data-widget_type=\"image.default\">\n\t\t\t\t<div class=\"elementor-widget-container\">\n\t\t\t\t\t\t\t\t\t\t\t\t\t\t\t<img fetchpriority=\"high\" decoding=\"async\" width=\"500\" height=\"500\" src=\"https:\/\/sailinrio.com\/wp-content\/uploads\/2022\/10\/Gift-card.gif\" class=\"attachment-full size-full wp-image-13343\" alt=\"\" srcset=\"https:\/\/sailinrio.com\/wp-content\/uploads\/2022\/10\/Gift-card.gif 500w, https:\/\/sailinrio.com\/wp-content\/uploads\/2022\/10\/Gift-card-12x12.gif 12w\" sizes=\"(max-width: 500px) 100vw, 500px\" \/>\t\t\t\t\t\t\t\t\t\t\t\t\t\t\t<\/div>\n\t\t\t\t<\/div>\n\t\t\t\t\t<\/div>\n\t\t<\/div>\n\t\t\t\t\t<\/div>\n\t\t<\/section>\n\t\t\t\t<\/div>","protected":false},"excerpt":{"rendered":"<p>um presente inesquec\u00edvel! Ofere\u00e7a uma de nossas experi\u00eancias a vela, compartilhadas, a uma pessoa especial. Please enable javascript in your browser to book<\/p>","protected":false},"author":3,"featured_media":13323,"parent":0,"menu_order":18,"comment_status":"closed","ping_status":"closed","template":"elementor_header_footer","meta":{"footnotes":""},"class_list":["post-13311","page","type-page","status-publish","has-post-thumbnail","hentry"],"yoast_head":"<!-- This site is optimized with the Yoast SEO plugin v26.6 - https:\/\/yoast.com\/wordpress\/plugins\/seo\/ -->\n<title>CART\u00c3O PRESENTE - SAIL IN RIO<\/title>\n<meta name=\"description\" content=\"UM PRESENTE INESQUEC\u00cdVEL! Ofere\u00e7a um de nossas passeios, P\u00f4r do Sol no Rio ou Vistas do Rio, a uma pessoa especial.\" \/>\n<meta name=\"robots\" content=\"index, follow, max-snippet:-1, max-image-preview:large, max-video-preview:-1\" \/>\n<link rel=\"canonical\" href=\"https:\/\/sailinrio.com\/en\/cartao-presente\/\" \/>\n<meta property=\"og:locale\" content=\"en_US\" \/>\n<meta property=\"og:type\" content=\"article\" \/>\n<meta property=\"og:title\" content=\"UM PRESENTE INESQUEC\u00cdVEL! - Cart\u00e3o Presente\" \/>\n<meta property=\"og:description\" content=\"Ofere\u00e7a um de nossas passeios, P\u00f4r do Sol no Rio ou Vistas do Rio, a uma pessoa especial.\" \/>\n<meta property=\"og:url\" content=\"https:\/\/sailinrio.com\/en\/cartao-presente\/\" \/>\n<meta property=\"og:site_name\" content=\"SAIL IN RIO\" \/>\n<meta property=\"article:publisher\" content=\"https:\/\/www.facebook.com\/sailinrio\" \/>\n<meta property=\"article:modified_time\" content=\"2025-10-21T19:47:09+00:00\" \/>\n<meta property=\"og:image\" content=\"https:\/\/sailinrio.com\/wp-content\/uploads\/2022\/10\/cartao-presente.jpg\" \/>\n\t<meta property=\"og:image:width\" content=\"2000\" \/>\n\t<meta property=\"og:image:height\" content=\"1333\" \/>\n\t<meta property=\"og:image:type\" content=\"image\/jpeg\" \/>\n<meta name=\"twitter:card\" content=\"summary_large_image\" \/>\n<meta name=\"twitter:title\" content=\"UM PRESENTE INESQUEC\u00cdVEL! - Cart\u00e3o presente\" \/>\n<meta name=\"twitter:description\" content=\"Ofere\u00e7a um de nossas passeios, P\u00f4r do Sol no Rio ou Vistas do Rio, a uma pessoa especial.\" \/>\n<meta name=\"twitter:image\" content=\"https:\/\/sailinrio.com\/wp-content\/uploads\/2022\/10\/cartao-presente.jpg\" \/>\n<meta name=\"twitter:site\" content=\"@SailinRio\" \/>\n<meta name=\"twitter:label1\" content=\"Est. reading time\" \/>\n\t<meta name=\"twitter:data1\" content=\"1 minute\" \/>\n<script type=\"application\/ld+json\" class=\"yoast-schema-graph\">{\"@context\":\"https:\/\/schema.org\",\"@graph\":[{\"@type\":\"WebPage\",\"@id\":\"https:\/\/sailinrio.com\/cartao-presente\/\",\"url\":\"https:\/\/sailinrio.com\/cartao-presente\/\",\"name\":\"CART\u00c3O PRESENTE - SAIL IN RIO\",\"isPartOf\":{\"@id\":\"https:\/\/sailinrio.com\/#website\"},\"primaryImageOfPage\":{\"@id\":\"https:\/\/sailinrio.com\/cartao-presente\/#primaryimage\"},\"image\":{\"@id\":\"https:\/\/sailinrio.com\/cartao-presente\/#primaryimage\"},\"thumbnailUrl\":\"https:\/\/sailinrio.com\/wp-content\/uploads\/2022\/10\/cartao-presente.jpg\",\"datePublished\":\"2022-10-03T15:05:01+00:00\",\"dateModified\":\"2025-10-21T19:47:09+00:00\",\"description\":\"UM PRESENTE INESQUEC\u00cdVEL! Ofere\u00e7a um de nossas passeios, P\u00f4r do Sol no Rio ou Vistas do Rio, a uma pessoa especial.\",\"breadcrumb\":{\"@id\":\"https:\/\/sailinrio.com\/cartao-presente\/#breadcrumb\"},\"inLanguage\":\"en-US\",\"potentialAction\":[{\"@type\":\"ReadAction\",\"target\":[\"https:\/\/sailinrio.com\/cartao-presente\/\"]}]},{\"@type\":\"ImageObject\",\"inLanguage\":\"en-US\",\"@id\":\"https:\/\/sailinrio.com\/cartao-presente\/#primaryimage\",\"url\":\"https:\/\/sailinrio.com\/wp-content\/uploads\/2022\/10\/cartao-presente.jpg\",\"contentUrl\":\"https:\/\/sailinrio.com\/wp-content\/uploads\/2022\/10\/cartao-presente.jpg\",\"width\":2000,\"height\":1333},{\"@type\":\"BreadcrumbList\",\"@id\":\"https:\/\/sailinrio.com\/cartao-presente\/#breadcrumb\",\"itemListElement\":[{\"@type\":\"ListItem\",\"position\":1,\"name\":\"In\u00edcio\",\"item\":\"https:\/\/sailinrio.com\/\"},{\"@type\":\"ListItem\",\"position\":2,\"name\":\"CART\u00c3O PRESENTE\"}]},{\"@type\":\"WebSite\",\"@id\":\"https:\/\/sailinrio.com\/#website\",\"url\":\"https:\/\/sailinrio.com\/\",\"name\":\"SAIL IN RIO\",\"description\":\"O Melhor Passeio de Barco no Rio de Janeiro\",\"publisher\":{\"@id\":\"https:\/\/sailinrio.com\/#organization\"},\"potentialAction\":[{\"@type\":\"SearchAction\",\"target\":{\"@type\":\"EntryPoint\",\"urlTemplate\":\"https:\/\/sailinrio.com\/?s={search_term_string}\"},\"query-input\":{\"@type\":\"PropertyValueSpecification\",\"valueRequired\":true,\"valueName\":\"search_term_string\"}}],\"inLanguage\":\"en-US\"},{\"@type\":\"Organization\",\"@id\":\"https:\/\/sailinrio.com\/#organization\",\"name\":\"SAIL IN RIO\",\"url\":\"https:\/\/sailinrio.com\/\",\"logo\":{\"@type\":\"ImageObject\",\"inLanguage\":\"en-US\",\"@id\":\"https:\/\/sailinrio.com\/#\/schema\/logo\/image\/\",\"url\":\"https:\/\/brand.sailinrio.com\/wp-content\/uploads\/2020\/08\/7285d5_aa7cd0397814418c946d02be5500f01f_mv2_d_5639_1367_s_2-1.png\",\"contentUrl\":\"https:\/\/brand.sailinrio.com\/wp-content\/uploads\/2020\/08\/7285d5_aa7cd0397814418c946d02be5500f01f_mv2_d_5639_1367_s_2-1.png\",\"width\":5639,\"height\":1367,\"caption\":\"SAIL IN RIO\"},\"image\":{\"@id\":\"https:\/\/sailinrio.com\/#\/schema\/logo\/image\/\"},\"sameAs\":[\"https:\/\/www.facebook.com\/sailinrio\",\"https:\/\/x.com\/SailinRio\",\"https:\/\/www.instagram.com\/sail_in_rio\/\",\"https:\/\/www.linkedin.com\/company\/sail-in-rio\"]}]}<\/script>\n<!-- \/ Yoast SEO plugin. -->","yoast_head_json":{"title":"CART\u00c3O PRESENTE - SAIL IN RIO","description":"UM PRESENTE INESQUEC\u00cdVEL! Ofere\u00e7a um de nossas passeios, P\u00f4r do Sol no Rio ou Vistas do Rio, a uma pessoa especial.","robots":{"index":"index","follow":"follow","max-snippet":"max-snippet:-1","max-image-preview":"max-image-preview:large","max-video-preview":"max-video-preview:-1"},"canonical":"https:\/\/sailinrio.com\/en\/cartao-presente\/","og_locale":"en_US","og_type":"article","og_title":"UM PRESENTE INESQUEC\u00cdVEL! - Cart\u00e3o Presente","og_description":"Ofere\u00e7a um de nossas passeios, P\u00f4r do Sol no Rio ou Vistas do Rio, a uma pessoa especial.","og_url":"https:\/\/sailinrio.com\/en\/cartao-presente\/","og_site_name":"SAIL IN RIO","article_publisher":"https:\/\/www.facebook.com\/sailinrio","article_modified_time":"2025-10-21T19:47:09+00:00","og_image":[{"width":2000,"height":1333,"url":"https:\/\/sailinrio.com\/wp-content\/uploads\/2022\/10\/cartao-presente.jpg","type":"image\/jpeg"}],"twitter_card":"summary_large_image","twitter_title":"UM PRESENTE INESQUEC\u00cdVEL! - Cart\u00e3o presente","twitter_description":"Ofere\u00e7a um de nossas passeios, P\u00f4r do Sol no Rio ou Vistas do Rio, a uma pessoa especial.","twitter_image":"https:\/\/sailinrio.com\/wp-content\/uploads\/2022\/10\/cartao-presente.jpg","twitter_site":"@SailinRio","twitter_misc":{"Est. reading time":"1 minute"},"schema":{"@context":"https:\/\/schema.org","@graph":[{"@type":"WebPage","@id":"https:\/\/sailinrio.com\/cartao-presente\/","url":"https:\/\/sailinrio.com\/cartao-presente\/","name":"CART\u00c3O PRESENTE - SAIL IN RIO","isPartOf":{"@id":"https:\/\/sailinrio.com\/#website"},"primaryImageOfPage":{"@id":"https:\/\/sailinrio.com\/cartao-presente\/#primaryimage"},"image":{"@id":"https:\/\/sailinrio.com\/cartao-presente\/#primaryimage"},"thumbnailUrl":"https:\/\/sailinrio.com\/wp-content\/uploads\/2022\/10\/cartao-presente.jpg","datePublished":"2022-10-03T15:05:01+00:00","dateModified":"2025-10-21T19:47:09+00:00","description":"UM PRESENTE INESQUEC\u00cdVEL! Ofere\u00e7a um de nossas passeios, P\u00f4r do Sol no Rio ou Vistas do Rio, a uma pessoa especial.","breadcrumb":{"@id":"https:\/\/sailinrio.com\/cartao-presente\/#breadcrumb"},"inLanguage":"en-US","potentialAction":[{"@type":"ReadAction","target":["https:\/\/sailinrio.com\/cartao-presente\/"]}]},{"@type":"ImageObject","inLanguage":"en-US","@id":"https:\/\/sailinrio.com\/cartao-presente\/#primaryimage","url":"https:\/\/sailinrio.com\/wp-content\/uploads\/2022\/10\/cartao-presente.jpg","contentUrl":"https:\/\/sailinrio.com\/wp-content\/uploads\/2022\/10\/cartao-presente.jpg","width":2000,"height":1333},{"@type":"BreadcrumbList","@id":"https:\/\/sailinrio.com\/cartao-presente\/#breadcrumb","itemListElement":[{"@type":"ListItem","position":1,"name":"In\u00edcio","item":"https:\/\/sailinrio.com\/"},{"@type":"ListItem","position":2,"name":"CART\u00c3O PRESENTE"}]},{"@type":"WebSite","@id":"https:\/\/sailinrio.com\/#website","url":"https:\/\/sailinrio.com\/","name":"SAIL IN RIO","description":"O Melhor Passeio de Barco no Rio de Janeiro","publisher":{"@id":"https:\/\/sailinrio.com\/#organization"},"potentialAction":[{"@type":"SearchAction","target":{"@type":"EntryPoint","urlTemplate":"https:\/\/sailinrio.com\/?s={search_term_string}"},"query-input":{"@type":"PropertyValueSpecification","valueRequired":true,"valueName":"search_term_string"}}],"inLanguage":"en-US"},{"@type":"Organization","@id":"https:\/\/sailinrio.com\/#organization","name":"SAIL IN RIO","url":"https:\/\/sailinrio.com\/","logo":{"@type":"ImageObject","inLanguage":"en-US","@id":"https:\/\/sailinrio.com\/#\/schema\/logo\/image\/","url":"https:\/\/brand.sailinrio.com\/wp-content\/uploads\/2020\/08\/7285d5_aa7cd0397814418c946d02be5500f01f_mv2_d_5639_1367_s_2-1.png","contentUrl":"https:\/\/brand.sailinrio.com\/wp-content\/uploads\/2020\/08\/7285d5_aa7cd0397814418c946d02be5500f01f_mv2_d_5639_1367_s_2-1.png","width":5639,"height":1367,"caption":"SAIL IN RIO"},"image":{"@id":"https:\/\/sailinrio.com\/#\/schema\/logo\/image\/"},"sameAs":["https:\/\/www.facebook.com\/sailinrio","https:\/\/x.com\/SailinRio","https:\/\/www.instagram.com\/sail_in_rio\/","https:\/\/www.linkedin.com\/company\/sail-in-rio"]}]}},"_links":{"self":[{"href":"https:\/\/sailinrio.com\/en\/wp-json\/wp\/v2\/pages\/13311","targetHints":{"allow":["GET"]}}],"collection":[{"href":"https:\/\/sailinrio.com\/en\/wp-json\/wp\/v2\/pages"}],"about":[{"href":"https:\/\/sailinrio.com\/en\/wp-json\/wp\/v2\/types\/page"}],"author":[{"embeddable":true,"href":"https:\/\/sailinrio.com\/en\/wp-json\/wp\/v2\/users\/3"}],"replies":[{"embeddable":true,"href":"https:\/\/sailinrio.com\/en\/wp-json\/wp\/v2\/comments?post=13311"}],"version-history":[{"count":117,"href":"https:\/\/sailinrio.com\/en\/wp-json\/wp\/v2\/pages\/13311\/revisions"}],"predecessor-version":[{"id":19719,"href":"https:\/\/sailinrio.com\/en\/wp-json\/wp\/v2\/pages\/13311\/revisions\/19719"}],"wp:featuredmedia":[{"embeddable":true,"href":"https:\/\/sailinrio.com\/en\/wp-json\/wp\/v2\/media\/13323"}],"wp:attachment":[{"href":"https:\/\/sailinrio.com\/en\/wp-json\/wp\/v2\/media?parent=13311"}],"curies":[{"name":"wp","href":"https:\/\/api.w.org\/{rel}","templated":true}]}}